{"id":204,"date":"2022-10-14T07:09:11","date_gmt":"2022-10-14T07:09:11","guid":{"rendered":"http:\/\/nowo.tech\/?page_id=204"},"modified":"2024-05-07T11:46:58","modified_gmt":"2024-05-07T11:46:58","slug":"politica-de-privacidad-e-cookies","status":"publish","type":"page","link":"https:\/\/nowo.tech\/pt\/politica-de-privacidad-e-cookies\/","title":{"rendered":"Pol\u00edtica de privacidade e cookies"},"content":{"rendered":"\t\t<div data-elementor-type=\"wp-page\" data-elementor-id=\"204\" class=\"elementor elementor-204\">\n\t\t\t\t\t\t\t\t\t<section class=\"elementor-section elementor-top-section elementor-element elementor-element-690e58c elementor-section-stretched elementor-section-boxed elementor-section-height-default elementor-section-height-default\" data-id=\"690e58c\" data-element_type=\"section\" data-settings=\"{&quot;stretch_section&quot;:&quot;section-stretched&quot;}\">\n\t\t\t\t\t\t\t<div class=\"elementor-background-overlay\"><\/div>\n\t\t\t\t\t\t\t<div class=\"elementor-container elementor-column-gap-default\">\n\t\t\t\t\t<div class=\"elementor-column elementor-col-100 elementor-top-column elementor-element elementor-element-684c97d\" data-id=\"684c97d\" data-element_type=\"column\">\n\t\t\t<div class=\"elementor-widget-wrap elementor-element-populated\">\n\t\t\t\t\t\t\t\t<div class=\"elementor-element elementor-element-cc681f9 elementor-widget elementor-widget-heading\" data-id=\"cc681f9\" data-element_type=\"widget\" data-widget_type=\"heading.default\">\n\t\t\t\t<div class=\"elementor-widget-container\">\n\t\t\t<style>\/*! elementor - v3.17.0 - 08-11-2023 *\/\n.elementor-heading-title{padding:0;margin:0;line-height:1}.elementor-widget-heading .elementor-heading-title[class*=elementor-size-]>a{color:inherit;font-size:inherit;line-height:inherit}.elementor-widget-heading .elementor-heading-title.elementor-size-small{font-size:15px}.elementor-widget-heading .elementor-heading-title.elementor-size-medium{font-size:19px}.elementor-widget-heading .elementor-heading-title.elementor-size-large{font-size:29px}.elementor-widget-heading .elementor-heading-title.elementor-size-xl{font-size:39px}.elementor-widget-heading .elementor-heading-title.elementor-size-xxl{font-size:59px}<\/style><p class=\"elementor-heading-title elementor-size-default\">Pol\u00edtica de privacidade e cookies<\/p>\t\t<\/div>\n\t\t\t\t<\/div>\n\t\t\t\t<div class=\"elementor-element elementor-element-74ece9a elementor-widget elementor-widget-heading\" data-id=\"74ece9a\" data-element_type=\"widget\" data-widget_type=\"heading.default\">\n\t\t\t\t<div class=\"elementor-widget-container\">\n\t\t\t<p class=\"elementor-heading-title elementor-size-default\">1. Controlador de dados<\/p>\t\t<\/div>\n\t\t\t\t<\/div>\n\t\t\t\t<div class=\"elementor-element elementor-element-7b094d8 elementor-widget elementor-widget-text-editor\" data-id=\"7b094d8\" data-element_type=\"widget\" data-widget_type=\"text-editor.default\">\n\t\t\t\t<div class=\"elementor-widget-container\">\n\t\t\t<style>\/*! elementor - v3.17.0 - 08-11-2023 *\/\n.elementor-widget-text-editor.elementor-drop-cap-view-stacked .elementor-drop-cap{background-color:#69727d;color:#fff}.elementor-widget-text-editor.elementor-drop-cap-view-framed .elementor-drop-cap{color:#69727d;border:3px solid;background-color:transparent}.elementor-widget-text-editor:not(.elementor-drop-cap-view-default) .elementor-drop-cap{margin-top:8px}.elementor-widget-text-editor:not(.elementor-drop-cap-view-default) .elementor-drop-cap-letter{width:1em;height:1em}.elementor-widget-text-editor .elementor-drop-cap{float:left;text-align:center;line-height:1;font-size:50px}.elementor-widget-text-editor .elementor-drop-cap-letter{display:inline-block}<\/style>\t\t\t\t<ul><li><p>Respons\u00e1vel pelo tratamento de dados: Nowo Insurance Services S.L. a seguir designada NOWO.TECH<\/p><\/li><li><p>Endere\u00e7o postal: Avenida de Jos\u00e9 Ortega y Gasset 124, planta 2 oficina 3, 29006. M\u00e1laga<\/p><\/li><li><p>Telefone: +34 951 204 864<\/p><\/li><li><p>Correio eletr\u00f3nico: hola@nowo.tech<\/p><\/li><\/ul>\t\t\t\t\t\t<\/div>\n\t\t\t\t<\/div>\n\t\t\t\t<div class=\"elementor-element elementor-element-77f02cf elementor-widget elementor-widget-heading\" data-id=\"77f02cf\" data-element_type=\"widget\" data-widget_type=\"heading.default\">\n\t\t\t\t<div class=\"elementor-widget-container\">\n\t\t\t<p class=\"elementor-heading-title elementor-size-default\">2. Tratamentos<\/p>\t\t<\/div>\n\t\t\t\t<\/div>\n\t\t\t\t<div class=\"elementor-element elementor-element-ebafcfc elementor-widget elementor-widget-text-editor\" data-id=\"ebafcfc\" data-element_type=\"widget\" data-widget_type=\"text-editor.default\">\n\t\t\t\t<div class=\"elementor-widget-container\">\n\t\t\t\t\t\t\t<p>A NOWO.TECH apenas trata os dados pessoais abaixo indicados:<\/p>\t\t\t\t\t\t<\/div>\n\t\t\t\t<\/div>\n\t\t\t\t<div class=\"elementor-element elementor-element-733d79d elementor-widget elementor-widget-heading\" data-id=\"733d79d\" data-element_type=\"widget\" data-widget_type=\"heading.default\">\n\t\t\t\t<div class=\"elementor-widget-container\">\n\t\t\t<p class=\"elementor-heading-title elementor-size-default\">A. Dados recolhidos atrav\u00e9s do s\u00edtio Web<\/p>\t\t<\/div>\n\t\t\t\t<\/div>\n\t\t\t\t<div class=\"elementor-element elementor-element-8a15382 elementor-widget elementor-widget-text-editor\" data-id=\"8a15382\" data-element_type=\"widget\" data-widget_type=\"text-editor.default\">\n\t\t\t\t<div class=\"elementor-widget-container\">\n\t\t\t\t\t\t\t<p>Objetivo: Responder a pedidos de informa\u00e7\u00e3o e de contacto enviados atrav\u00e9s de mensagens de correio eletr\u00f3nico e de formul\u00e1rios de contacto no s\u00edtio Web.<\/p><p>Conserva\u00e7\u00e3o: Os dados pessoais da pessoa em causa ser\u00e3o conservados at\u00e9 que a sua elimina\u00e7\u00e3o seja solicitada pela pessoa em causa e, em qualquer caso, por um per\u00edodo m\u00e1ximo de cinco anos.<\/p><p>Legitima\u00e7\u00e3o: Consentimento da pessoa em causa.<\/p><p>Destinat\u00e1rios: N\u00e3o est\u00e1 prevista qualquer comunica\u00e7\u00e3o de dados pessoais, exceto nos casos estabelecidos por uma obriga\u00e7\u00e3o legal.<\/p><p>Formas de obten\u00e7\u00e3o: Os dados pessoais que tratamos foram obtidos junto do titular dos dados.<\/p><p>As categorias de dados tratados s\u00e3o as seguintes:<\/p><p>Dados de identifica\u00e7\u00e3o<\/p><p>Dados de contacto<\/p><p>N\u00e3o s\u00e3o tratados dados especialmente protegidos<\/p>\t\t\t\t\t\t<\/div>\n\t\t\t\t<\/div>\n\t\t\t\t<div class=\"elementor-element elementor-element-3d3d5f8 elementor-widget elementor-widget-heading\" data-id=\"3d3d5f8\" data-element_type=\"widget\" data-widget_type=\"heading.default\">\n\t\t\t\t<div class=\"elementor-widget-container\">\n\t\t\t<p class=\"elementor-heading-title elementor-size-default\">B. Clientes, tomadores de seguros e segurados<\/p>\t\t<\/div>\n\t\t\t\t<\/div>\n\t\t\t\t<div class=\"elementor-element elementor-element-c8c63af elementor-widget elementor-widget-text-editor\" data-id=\"c8c63af\" data-element_type=\"widget\" data-widget_type=\"text-editor.default\">\n\t\t\t\t<div class=\"elementor-widget-container\">\n\t\t\t\t\t\t\t<p>Objetivo: Enviar-lhe eletronicamente informa\u00e7\u00f5es do seu interesse sobre os nossos produtos e servi\u00e7os, actividades e conselhos sobre os nossos servi\u00e7os.<\/p><p>Conserva\u00e7\u00e3o: Os dados pessoais fornecidos ser\u00e3o conservados durante o tempo necess\u00e1rio para cumprir a finalidade para a qual foram recolhidos e para determinar as eventuais responsabilidades que possam advir dessa finalidade.<\/p><p>Legitima\u00e7\u00e3o: Execu\u00e7\u00e3o do contrato para a presta\u00e7\u00e3o dos servi\u00e7os solicitados pelo interessado e interesse leg\u00edtimo no que diz respeito ao envio de informa\u00e7\u00f5es comerciais por meios electr\u00f3nicos.<\/p><p>Destinat\u00e1rios: Os dados recolhidos ser\u00e3o comunicados a empresas associadas e nos casos estabelecidos por obriga\u00e7\u00e3o legal.<\/p><p>Formas de obten\u00e7\u00e3o: Os dados pessoais que tratamos foram obtidos junto do pr\u00f3prio titular dos dados ou do seu representante legal.<\/p><p>As categorias de dados tratados s\u00e3o as seguintes:<\/p><p>Dados de identifica\u00e7\u00e3o<\/p><p>Dados de contacto<\/p>\t\t\t\t\t\t<\/div>\n\t\t\t\t<\/div>\n\t\t\t\t<div class=\"elementor-element elementor-element-895852f elementor-widget elementor-widget-heading\" data-id=\"895852f\" data-element_type=\"widget\" data-widget_type=\"heading.default\">\n\t\t\t\t<div class=\"elementor-widget-container\">\n\t\t\t<p class=\"elementor-heading-title elementor-size-default\">C. Sele\u00e7\u00e3o de pessoal<\/p>\t\t<\/div>\n\t\t\t\t<\/div>\n\t\t\t\t<div class=\"elementor-element elementor-element-a2b3b3c elementor-widget elementor-widget-text-editor\" data-id=\"a2b3b3c\" data-element_type=\"widget\" data-widget_type=\"text-editor.default\">\n\t\t\t\t<div class=\"elementor-widget-container\">\n\t\t\t\t\t\t\t<p>Objetivo: Participar nos processos de sele\u00e7\u00e3o de pessoal da nossa empresa.<\/p><p>Conserva\u00e7\u00e3o: Os dados pessoais do candidato ser\u00e3o conservados at\u00e9 que o interessado solicite a sua supress\u00e3o e, em qualquer caso, durante um per\u00edodo m\u00e1ximo de dois anos.<\/p><p>Legitima\u00e7\u00e3o: Consentimento do interessado<\/p><p>Destinat\u00e1rios: N\u00e3o est\u00e1 prevista qualquer comunica\u00e7\u00e3o dos dados pessoais do candidato.<\/p><p>Formas de obten\u00e7\u00e3o: Os dados pessoais que tratamos s\u00e3o obtidos do interessado atrav\u00e9s dos curr\u00edculos, formul\u00e1rios ou entrevistas de sele\u00e7\u00e3o que realiza connosco.<\/p><p>As categorias de dados tratados s\u00e3o as seguintes<\/p><p>Dados de identifica\u00e7\u00e3o<\/p><p>Caracter\u00edsticas pessoais<\/p><p>Dados acad\u00e9micos<\/p><p>Dados relativos ao historial profissional<\/p><p>N\u00e3o s\u00e3o tratados dados especialmente protegidos<\/p>\t\t\t\t\t\t<\/div>\n\t\t\t\t<\/div>\n\t\t\t\t<div class=\"elementor-element elementor-element-198b0c6 elementor-widget elementor-widget-heading\" data-id=\"198b0c6\" data-element_type=\"widget\" data-widget_type=\"heading.default\">\n\t\t\t\t<div class=\"elementor-widget-container\">\n\t\t\t<p class=\"elementor-heading-title elementor-size-default\">D. Fornecedores<\/p>\t\t<\/div>\n\t\t\t\t<\/div>\n\t\t\t\t<div class=\"elementor-element elementor-element-a5978e3 elementor-widget elementor-widget-text-editor\" data-id=\"a5978e3\" data-element_type=\"widget\" data-widget_type=\"text-editor.default\">\n\t\t\t\t<div class=\"elementor-widget-container\">\n\t\t\t\t\t\t\t<p>Objetivo: Gest\u00e3o de fornecedores<\/p><p>Conserva\u00e7\u00e3o: Os dados ser\u00e3o conservados durante 5 anos (art. 1964\u00ba do C\u00f3digo Civil).<\/p><p>Legitima\u00e7\u00e3o: Execu\u00e7\u00e3o do contrato assinado com o fornecedor<\/p><p>Destinat\u00e1rios: N\u00e3o est\u00e1 prevista a comunica\u00e7\u00e3o de dados pessoais, exceto nos casos previstos por obriga\u00e7\u00e3o legal.<\/p><p>Formas de Obten\u00e7\u00e3o: Os dados pessoais que tratamos foram obtidos junto do pr\u00f3prio titular dos dados.<\/p><p>As categorias de dados tratados s\u00e3o as seguintes:<\/p><p>Dados de identifica\u00e7\u00e3o<\/p><p>Dados de contacto<\/p><p>Bens e servi\u00e7os fornecidos pelo fornecedor<\/p><p>N\u00e3o s\u00e3o tratados dados especialmente protegidos<\/p>\t\t\t\t\t\t<\/div>\n\t\t\t\t<\/div>\n\t\t\t\t<div class=\"elementor-element elementor-element-f3b3669 elementor-widget elementor-widget-heading\" data-id=\"f3b3669\" data-element_type=\"widget\" data-widget_type=\"heading.default\">\n\t\t\t\t<div class=\"elementor-widget-container\">\n\t\t\t<p class=\"elementor-heading-title elementor-size-default\">E. Registo do utilizador<\/p>\t\t<\/div>\n\t\t\t\t<\/div>\n\t\t\t\t<div class=\"elementor-element elementor-element-1a0f5a9 elementor-widget elementor-widget-text-editor\" data-id=\"1a0f5a9\" data-element_type=\"widget\" data-widget_type=\"text-editor.default\">\n\t\t\t\t<div class=\"elementor-widget-container\">\n\t\t\t\t\t\t\t<p>Objetivo: Criar um perfil de utilizador para a gest\u00e3o e contrata\u00e7\u00e3o de servi\u00e7os.<\/p><p>Conserva\u00e7\u00e3o: Os dados pessoais facultados ser\u00e3o conservados durante o tempo necess\u00e1rio para cumprir a finalidade para a qual foram recolhidos e para determinar as poss\u00edveis responsabilidades que possam advir dessa finalidade.<\/p><p>Legitima\u00e7\u00e3o: Consentimento do interessado.<\/p><p>Destinat\u00e1rios: N\u00e3o est\u00e1 prevista qualquer comunica\u00e7\u00e3o de dados pessoais, exceto nos casos estabelecidos por uma obriga\u00e7\u00e3o legal.<\/p><p>Meios de obten\u00e7\u00e3o: Os dados pessoais que tratamos foram obtidos junto do interessado.<\/p><p>As categorias de dados tratados s\u00e3o as seguintes:<\/p><p>Dados de identifica\u00e7\u00e3o<\/p><p>Dados de contacto<\/p><p>N\u00e3o s\u00e3o tratados dados especialmente protegidos<\/p>\t\t\t\t\t\t<\/div>\n\t\t\t\t<\/div>\n\t\t\t\t<div class=\"elementor-element elementor-element-2099379 elementor-widget elementor-widget-heading\" data-id=\"2099379\" data-element_type=\"widget\" data-widget_type=\"heading.default\">\n\t\t\t\t<div class=\"elementor-widget-container\">\n\t\t\t<p class=\"elementor-heading-title elementor-size-default\">F. Assinantes de comunica\u00e7\u00f5es electr\u00f3nicas<\/p>\t\t<\/div>\n\t\t\t\t<\/div>\n\t\t\t\t<div class=\"elementor-element elementor-element-6bd8e2a elementor-widget elementor-widget-text-editor\" data-id=\"6bd8e2a\" data-element_type=\"widget\" data-widget_type=\"text-editor.default\">\n\t\t\t\t<div class=\"elementor-widget-container\">\n\t\t\t\t\t\t\t<p>Objetivo: Enviar-lhe informa\u00e7\u00f5es do seu interesse sobre os nossos produtos e servi\u00e7os, actividades, ofertas e promo\u00e7\u00f5es.<\/p><p>Conserva\u00e7\u00e3o: Os dados pessoais do interessado ser\u00e3o conservados at\u00e9 ao momento em que n\u00e3o seja solicitada a sua elimina\u00e7\u00e3o pelo interessado.<\/p><p>Legitima\u00e7\u00e3o: Consentimento do interessado.<\/p><p>Destinat\u00e1rios: N\u00e3o est\u00e1 prevista a comunica\u00e7\u00e3o de dados pessoais, exceto nos casos estabelecidos por uma obriga\u00e7\u00e3o legal.<\/p><p>Formas de obten\u00e7\u00e3o: Os dados pessoais que tratamos foram obtidos junto do titular dos dados.<\/p><p>As categorias de dados tratados s\u00e3o as seguintes:<\/p><p>Dados de identifica\u00e7\u00e3o<\/p><p>Dados de contacto<\/p><p>N\u00e3o s\u00e3o tratados dados especialmente protegidos<\/p>\t\t\t\t\t\t<\/div>\n\t\t\t\t<\/div>\n\t\t\t\t<div class=\"elementor-element elementor-element-ac0de3c elementor-widget elementor-widget-heading\" data-id=\"ac0de3c\" data-element_type=\"widget\" data-widget_type=\"heading.default\">\n\t\t\t\t<div class=\"elementor-widget-container\">\n\t\t\t<p class=\"elementor-heading-title elementor-size-default\">G. Defini\u00e7\u00e3o automatizada de perfis individuais e tomada de decis\u00f5es<\/p>\t\t<\/div>\n\t\t\t\t<\/div>\n\t\t\t\t<div class=\"elementor-element elementor-element-cced741 elementor-widget elementor-widget-text-editor\" data-id=\"cced741\" data-element_type=\"widget\" data-widget_type=\"text-editor.default\">\n\t\t\t\t<div class=\"elementor-widget-container\">\n\t\t\t\t\t\t\t<p>Informamos que a NOWO.TECH disp\u00f5e de um sistema automatizado de defini\u00e7\u00e3o de perfis para as seguintes finalidades<\/p><p>Finalidades:<\/p><p>Marketing e Comercial: Adequa\u00e7\u00e3o de ofertas, comunica\u00e7\u00f5es comerciais e promo\u00e7\u00f5es ajustadas aos seus interesses, mediante a an\u00e1lise dos seus h\u00e1bitos de navega\u00e7\u00e3o e dos produtos contratados e cotados.<\/p><p>Contrata\u00e7\u00e3o de ap\u00f3lices, produtos ou servi\u00e7os: Sempre que utiliza um dos nossos sistemas de cota\u00e7\u00e3o online, os seus dados s\u00e3o objeto de decis\u00f5es individuais automatizadas e de defini\u00e7\u00e3o de perfis com base na cota\u00e7\u00e3o e nos perfis de risco fornecidos pelas companhias de seguros e nos dados que nos fornece. As consequ\u00eancias deste tratamento s\u00e3o o ajustamento das tarifas em fun\u00e7\u00e3o do seu perfil de risco e at\u00e9 a impossibilidade de contratar a ap\u00f3lice, o produto ou o servi\u00e7o solicitado.<\/p><p>Seguran\u00e7a: Preven\u00e7\u00e3o da fraude, da utiliza\u00e7\u00e3o fraudulenta dos dados ou da usurpa\u00e7\u00e3o de identidade, da utiliza\u00e7\u00e3o an\u00f3mala ou contr\u00e1ria \u00e0 utiliza\u00e7\u00e3o principal da plataforma. A defini\u00e7\u00e3o de perfis \u00e9 efectuada atrav\u00e9s da an\u00e1lise dos h\u00e1bitos de navega\u00e7\u00e3o. As consequ\u00eancias decorrentes deste tratamento podem levar \u00e0 perda do estatuto de utilizador da plataforma.<\/p><p>Conserva\u00e7\u00e3o: Os dados pessoais da pessoa em causa ser\u00e3o conservados at\u00e9 que a sua elimina\u00e7\u00e3o seja solicitada pela pessoa em causa e, em qualquer caso, durante um per\u00edodo m\u00e1ximo de cinco anos a contar da \u00faltima intera\u00e7\u00e3o do utilizador. No que diz respeito aos dados derivados de or\u00e7amentos e\/ou contratos, o tratamento desses dados ser\u00e1 conservado durante o tempo necess\u00e1rio para cumprir a finalidade para a qual foram recolhidos e para determinar as poss\u00edveis responsabilidades que possam surgir dessa finalidade.<\/p><p>Legitima\u00e7\u00e3o: As bases de legitima\u00e7\u00e3o para a realiza\u00e7\u00e3o destes tratamentos de perfis s\u00e3o o consentimento do interessado atrav\u00e9s da aceita\u00e7\u00e3o ou n\u00e3o aceita\u00e7\u00e3o de cookies de Marketing ou publicidade, e o interesse leg\u00edtimo do respons\u00e1vel pelo tratamento (fins de marketing e seguran\u00e7a). Da mesma forma, a base leg\u00edtima para o tratamento dos seus dados para efeitos de contrata\u00e7\u00e3o de ap\u00f3lices ou servi\u00e7os oferecidos na no.COM, refere-se \u00e0 celebra\u00e7\u00e3o do contrato da ap\u00f3lice ou servi\u00e7o solicitado pelo utilizador. Se desejar obter mais informa\u00e7\u00f5es, pode contactar-nos por e-mail para hola@nowo.tech.<\/p><p>Destinat\u00e1rios: A comunica\u00e7\u00e3o de dados pessoais n\u00e3o est\u00e1 prevista, exceto nos casos estabelecidos por uma obriga\u00e7\u00e3o legal.<\/p><p>A NOWO.TECH gostaria tamb\u00e9m de o informar que trabalha com processadores de dados localizados fora da Uni\u00e3o Europeia:<\/p><p>Hubspot: Utilizamos os servi\u00e7os de crm e de marketing online de https:\/\/www.hubspot.es\/, que podem envolver o processamento de dados fora da Uni\u00e3o Europeia por prestadores de servi\u00e7os e empresas afiliadas da Hubspot. Esse processamento \u00e9 efectuado ao abrigo de Acordos de Processamento de Dados baseados em cl\u00e1usulas-tipo de prote\u00e7\u00e3o de dados aprovadas pela Comiss\u00e3o Europeia. Mais informa\u00e7\u00f5es em https:\/\/legal.hubspot.com\/es\/privacy-policy<\/p><p>Como os obtemos: Os dados pessoais que tratamos foram obtidos do titular dos dados ou do seu representante legal atrav\u00e9s dos seus h\u00e1bitos de navega\u00e7\u00e3o e comportamento na plataforma web e na aplica\u00e7\u00e3o m\u00f3vel, bem como da realiza\u00e7\u00e3o de or\u00e7amentos e contrata\u00e7\u00e3o na plataforma.<\/p><p>As categorias de dados tratados s\u00e3o as seguintes:<\/p><p>Dados de identifica\u00e7\u00e3o<\/p><p>Dados de contacto<\/p>\t\t\t\t\t\t<\/div>\n\t\t\t\t<\/div>\n\t\t\t\t<div class=\"elementor-element elementor-element-6397ea0 elementor-widget elementor-widget-heading\" data-id=\"6397ea0\" data-element_type=\"widget\" data-widget_type=\"heading.default\">\n\t\t\t\t<div class=\"elementor-widget-container\">\n\t\t\t<p class=\"elementor-heading-title elementor-size-default\">3. Direitos das partes interessadas<\/p>\t\t<\/div>\n\t\t\t\t<\/div>\n\t\t\t\t<div class=\"elementor-element elementor-element-e53d829 elementor-widget elementor-widget-text-editor\" data-id=\"e53d829\" data-element_type=\"widget\" data-widget_type=\"text-editor.default\">\n\t\t\t\t<div class=\"elementor-widget-container\">\n\t\t\t\t\t\t\t<p>O utilizador tem o direito de obter confirma\u00e7\u00e3o sobre se estamos a processar dados pessoais que lhe dizem respeito.<\/p><p>As partes interessadas t\u00eam o direito de aceder aos seus dados pessoais, bem como de solicitar a retifica\u00e7\u00e3o dos dados inexactos ou, se for caso disso, de solicitar a sua elimina\u00e7\u00e3o quando, entre outros motivos, os dados j\u00e1 n\u00e3o forem necess\u00e1rios para os fins para que foram recolhidos.<\/p><p>Em determinadas circunst\u00e2ncias, as pessoas em causa podem solicitar a limita\u00e7\u00e3o do tratamento dos seus dados, caso em que apenas os conservaremos para o exerc\u00edcio ou a defesa de reclama\u00e7\u00f5es.<\/p><p>Em determinadas circunst\u00e2ncias e por motivos relacionados com a sua situa\u00e7\u00e3o particular, as pessoas em causa podem opor-se ao tratamento dos seus dados. Nestes casos, os seus dados n\u00e3o ser\u00e3o tratados, exceto por motivos leg\u00edtimos ou para o exerc\u00edcio ou defesa de eventuais reclama\u00e7\u00f5es.<\/p><p>Do mesmo modo, pode opor-se ao tratamento dos seus dados para efeitos de defini\u00e7\u00e3o de perfis e de decis\u00f5es individualizadas automatizadas, podendo solicitar a interven\u00e7\u00e3o humana, expressar o seu ponto de vista e contestar a decis\u00e3o automatizada, se o considerar adequado.<\/p><p>Em determinadas circunst\u00e2ncias, tem o direito de receber os dados pessoais que lhe dizem respeito num formato estruturado, de uso corrente e de leitura \u00f3tica.<\/p><p>Pode exercer os seus direitos enviando uma mensagem de correio eletr\u00f3nico para hola@nowo.tech ou pessoalmente nas nossas instala\u00e7\u00f5es, e pode obter mais informa\u00e7\u00f5es sobre os seus direitos e modelos de acesso para os exercer no seguinte endere\u00e7o Web:<\/p><p>https:\/\/www.aepd.es\/<\/p><p>Da mesma forma, informamos que tem o direito de apresentar uma reclama\u00e7\u00e3o \u00e0 Ag\u00eancia Espanhola de Prote\u00e7\u00e3o de Dados se o pedido de exerc\u00edcio de qualquer direito n\u00e3o tiver sido devidamente satisfeito ou se, por qualquer outro motivo, considerar que os seus dados pessoais n\u00e3o est\u00e3o a ser tratados corretamente. Para tal, pode contactar o seguinte endere\u00e7o web<\/p><p>https:\/\/sedeagpd.gob.es\/<\/p>\t\t\t\t\t\t<\/div>\n\t\t\t\t<\/div>\n\t\t\t\t<div class=\"elementor-element elementor-element-c9d2629 elementor-widget elementor-widget-heading\" data-id=\"c9d2629\" data-element_type=\"widget\" data-widget_type=\"heading.default\">\n\t\t\t\t<div class=\"elementor-widget-container\">\n\t\t\t<p class=\"elementor-heading-title elementor-size-default\">4. Vers\u00e3o<\/p>\t\t<\/div>\n\t\t\t\t<\/div>\n\t\t\t\t<div class=\"elementor-element elementor-element-fc62eba elementor-widget elementor-widget-text-editor\" data-id=\"fc62eba\" data-element_type=\"widget\" data-widget_type=\"text-editor.default\">\n\t\t\t\t<div class=\"elementor-widget-container\">\n\t\t\t\t\t\t\t<p>Esta pol\u00edtica de privacidade \u00e9 datada de 20\/07\/2021 e quaisquer altera\u00e7\u00f5es aos seus termos ser\u00e3o publicadas neste s\u00edtio Web.<\/p>\t\t\t\t\t\t<\/div>\n\t\t\t\t<\/div>\n\t\t\t\t\t<\/div>\n\t\t<\/div>\n\t\t\t\t\t\t\t<\/div>\n\t\t<\/section>\n\t\t\t\t\t\t\t<\/div>\n\t\t","protected":false},"excerpt":{"rendered":"<p>Pol\u00edtica de privacidade e cookies 1. Controlador de dados Respons\u00e1vel pelo tratamento de dados: Nowo Insurance Services S.L. a seguir designada NOWO.TECH Endere\u00e7o postal: Avenida de Jos\u00e9 Ortega y Gasset 124, planta 2 oficina 3, 29006. M\u00e1laga Telefone: +34 951 204 864 Correio eletr\u00f3nico: hola@nowo.tech 2. Tratamentos A NOWO.TECH apenas trata os dados pessoais abaixo&hellip; <a class=\"more-link\" href=\"https:\/\/nowo.tech\/pt\/politica-de-privacidad-e-cookies\/\">Seguir leyendo <span class=\"screen-reader-text\">Pol\u00edtica de privacidade e cookies<\/span><\/a><\/p>\n","protected":false},"author":1,"featured_media":0,"parent":0,"menu_order":0,"comment_status":"closed","ping_status":"closed","template":"elementor_header_footer","meta":{"footnotes":""},"class_list":["post-204","page","type-page","status-publish","hentry","entry"],"_links":{"self":[{"href":"https:\/\/nowo.tech\/pt\/wp-json\/wp\/v2\/pages\/204","targetHints":{"allow":["GET"]}}],"collection":[{"href":"https:\/\/nowo.tech\/pt\/wp-json\/wp\/v2\/pages"}],"about":[{"href":"https:\/\/nowo.tech\/pt\/wp-json\/wp\/v2\/types\/page"}],"author":[{"embeddable":true,"href":"https:\/\/nowo.tech\/pt\/wp-json\/wp\/v2\/users\/1"}],"replies":[{"embeddable":true,"href":"https:\/\/nowo.tech\/pt\/wp-json\/wp\/v2\/comments?post=204"}],"version-history":[{"count":9,"href":"https:\/\/nowo.tech\/pt\/wp-json\/wp\/v2\/pages\/204\/revisions"}],"predecessor-version":[{"id":2437,"href":"https:\/\/nowo.tech\/pt\/wp-json\/wp\/v2\/pages\/204\/revisions\/2437"}],"wp:attachment":[{"href":"https:\/\/nowo.tech\/pt\/wp-json\/wp\/v2\/media?parent=204"}],"curies":[{"name":"wp","href":"https:\/\/api.w.org\/{rel}","templated":true}]}}