{"id":173,"date":"2022-10-14T06:56:01","date_gmt":"2022-10-14T06:56:01","guid":{"rendered":"http:\/\/nowo.tech\/?page_id=173"},"modified":"2024-05-09T10:07:56","modified_gmt":"2024-05-09T10:07:56","slug":"formacao","status":"publish","type":"page","link":"https:\/\/nowo.tech\/pt\/formacao\/","title":{"rendered":"Forma\u00e7\u00e3o"},"content":{"rendered":"\t\t<div data-elementor-type=\"wp-page\" data-elementor-id=\"173\" class=\"elementor elementor-173\">\n\t\t\t\t\t\t\t\t\t<section class=\"elementor-section elementor-top-section elementor-element elementor-element-8d4964e elementor-section-stretched elementor-section-boxed elementor-section-height-default elementor-section-height-default\" data-id=\"8d4964e\" data-element_type=\"section\" data-settings=\"{&quot;stretch_section&quot;:&quot;section-stretched&quot;}\">\n\t\t\t\t\t\t\t<div class=\"elementor-background-overlay\"><\/div>\n\t\t\t\t\t\t\t<div class=\"elementor-container elementor-column-gap-default\">\n\t\t\t\t\t<div class=\"elementor-column elementor-col-100 elementor-top-column elementor-element elementor-element-984dc7b\" data-id=\"984dc7b\" data-element_type=\"column\">\n\t\t\t<div class=\"elementor-widget-wrap elementor-element-populated\">\n\t\t\t\t\t\t\t\t<div class=\"elementor-element elementor-element-f70187c elementor-widget elementor-widget-heading\" data-id=\"f70187c\" data-element_type=\"widget\" data-widget_type=\"heading.default\">\n\t\t\t\t<div class=\"elementor-widget-container\">\n\t\t\t<style>\/*! elementor - v3.17.0 - 08-11-2023 *\/\n.elementor-heading-title{padding:0;margin:0;line-height:1}.elementor-widget-heading .elementor-heading-title[class*=elementor-size-]>a{color:inherit;font-size:inherit;line-height:inherit}.elementor-widget-heading .elementor-heading-title.elementor-size-small{font-size:15px}.elementor-widget-heading .elementor-heading-title.elementor-size-medium{font-size:19px}.elementor-widget-heading .elementor-heading-title.elementor-size-large{font-size:29px}.elementor-widget-heading .elementor-heading-title.elementor-size-xl{font-size:39px}.elementor-widget-heading .elementor-heading-title.elementor-size-xxl{font-size:59px}<\/style><h1 class=\"elementor-heading-title elementor-size-default\">Blogue para companhias de seguros - Forma\u00e7\u00e3o sobre como vender seguros<\/h1>\t\t<\/div>\n\t\t\t\t<\/div>\n\t\t\t\t<div class=\"elementor-element elementor-element-6c77dc0 elementor-grid-3 elementor-grid-tablet-2 elementor-grid-mobile-1 elementor-posts--thumbnail-top elementor-card-shadow-yes elementor-posts__hover-gradient elementor-widget elementor-widget-posts\" data-id=\"6c77dc0\" data-element_type=\"widget\" data-settings=\"{&quot;cards_masonry&quot;:&quot;yes&quot;,&quot;cards_row_gap&quot;:{&quot;unit&quot;:&quot;px&quot;,&quot;size&quot;:23,&quot;sizes&quot;:[]},&quot;pagination_type&quot;:&quot;numbers&quot;,&quot;cards_columns&quot;:&quot;3&quot;,&quot;cards_columns_tablet&quot;:&quot;2&quot;,&quot;cards_columns_mobile&quot;:&quot;1&quot;,&quot;cards_row_gap_tablet&quot;:{&quot;unit&quot;:&quot;px&quot;,&quot;size&quot;:&quot;&quot;,&quot;sizes&quot;:[]},&quot;cards_row_gap_mobile&quot;:{&quot;unit&quot;:&quot;px&quot;,&quot;size&quot;:&quot;&quot;,&quot;sizes&quot;:[]}}\" data-widget_type=\"posts.cards\">\n\t\t\t\t<div class=\"elementor-widget-container\">\n\t\t\t<link rel=\"stylesheet\" href=\"https:\/\/nowo.tech\/pt\/wp-content\/plugins\/elementor-pro\/assets\/css\/widget-posts.min.css\">\t\t<div class=\"elementor-posts-container elementor-posts elementor-posts--skin-cards elementor-grid\">\n\t\t\t\t<article class=\"elementor-post elementor-grid-item post-2809 post type-post status-publish format-standard has-post-thumbnail hentry category-formacao entry\">\n\t\t\t<div class=\"elementor-post__card\">\n\t\t\t\t<a class=\"elementor-post__thumbnail__link\" href=\"https:\/\/nowo.tech\/pt\/formacao\/como-se-tornar-um-advogado-de-companhia-de-seguros\/\" target=\"_blank\"><div class=\"elementor-post__thumbnail\"><img loading=\"lazy\" decoding=\"async\" width=\"1000\" height=\"667\" src=\"https:\/\/nowo.tech\/pt\/wp-content\/uploads\/sites\/6\/2024\/07\/how-to-become-an-insurance-company-lawyer.jpg\" class=\"attachment-full size-full wp-image-2810\" alt=\"\" srcset=\"https:\/\/nowo.tech\/pt\/wp-content\/uploads\/sites\/6\/2024\/07\/how-to-become-an-insurance-company-lawyer.jpg 1000w, https:\/\/nowo.tech\/pt\/wp-content\/uploads\/sites\/6\/2024\/07\/how-to-become-an-insurance-company-lawyer-300x200.jpg 300w, https:\/\/nowo.tech\/pt\/wp-content\/uploads\/sites\/6\/2024\/07\/how-to-become-an-insurance-company-lawyer-768x512.jpg 768w\" sizes=\"auto, (max-width: 1000px) 100vw, 1000px\" style=\"width:100%;height:66.7%;max-width:1000px;\" title=\"\"><\/div><\/a>\n\t\t\t\t<div class=\"elementor-post__text\">\n\t\t\t\t<h2 class=\"elementor-post__title\">\n\t\t\t<a href=\"https:\/\/nowo.tech\/pt\/formacao\/como-se-tornar-um-advogado-de-companhia-de-seguros\/\" target=&quot;_blank&quot;>\n\t\t\t\tComo se tornar um advogado de companhia de seguros\t\t\t<\/a>\n\t\t<\/h2>\n\t\t\t\t<\/div>\n\t\t\t\t<div class=\"elementor-post__meta-data\">\n\t\t\t\t\t<span class=\"elementor-post-author\">\n\t\t\tInma Garc\u00eda\t\t<\/span>\n\t\t\t\t<span class=\"elementor-post-date\">\n\t\t\tjulio 25, 2024\t\t<\/span>\n\t\t\t\t<\/div>\n\t\t\t\t\t<\/div>\n\t\t<\/article>\n\t\t\t\t<article class=\"elementor-post elementor-grid-item post-2788 post type-post status-publish format-standard has-post-thumbnail hentry category-agentes-e-corretores entry\">\n\t\t\t<div class=\"elementor-post__card\">\n\t\t\t\t<a class=\"elementor-post__thumbnail__link\" href=\"https:\/\/nowo.tech\/pt\/formacao\/como-vender-seguros-de-acidentes\/\" target=\"_blank\"><div class=\"elementor-post__thumbnail\"><img loading=\"lazy\" decoding=\"async\" width=\"2560\" height=\"1708\" src=\"https:\/\/nowo.tech\/pt\/wp-content\/uploads\/sites\/6\/2024\/07\/Como-vender-seguros-de-acidentes-03-min-scaled.jpg\" class=\"attachment-full size-full wp-image-2789\" alt=\"\" srcset=\"https:\/\/nowo.tech\/pt\/wp-content\/uploads\/sites\/6\/2024\/07\/Como-vender-seguros-de-acidentes-03-min-scaled.jpg 2560w, https:\/\/nowo.tech\/pt\/wp-content\/uploads\/sites\/6\/2024\/07\/Como-vender-seguros-de-acidentes-03-min-300x200.jpg 300w, https:\/\/nowo.tech\/pt\/wp-content\/uploads\/sites\/6\/2024\/07\/Como-vender-seguros-de-acidentes-03-min-1024x683.jpg 1024w, https:\/\/nowo.tech\/pt\/wp-content\/uploads\/sites\/6\/2024\/07\/Como-vender-seguros-de-acidentes-03-min-768x512.jpg 768w, https:\/\/nowo.tech\/pt\/wp-content\/uploads\/sites\/6\/2024\/07\/Como-vender-seguros-de-acidentes-03-min-1536x1025.jpg 1536w, https:\/\/nowo.tech\/pt\/wp-content\/uploads\/sites\/6\/2024\/07\/Como-vender-seguros-de-acidentes-03-min-2048x1366.jpg 2048w, https:\/\/nowo.tech\/pt\/wp-content\/uploads\/sites\/6\/2024\/07\/Como-vender-seguros-de-acidentes-03-min-1568x1046.jpg 1568w\" sizes=\"auto, (max-width: 2560px) 100vw, 2560px\" style=\"width:100%;height:66.72%;max-width:2560px;\" title=\"\"><\/div><\/a>\n\t\t\t\t<div class=\"elementor-post__text\">\n\t\t\t\t<h2 class=\"elementor-post__title\">\n\t\t\t<a href=\"https:\/\/nowo.tech\/pt\/formacao\/como-vender-seguros-de-acidentes\/\" target=&quot;_blank&quot;>\n\t\t\t\tComo vender seguros de acidentes\t\t\t<\/a>\n\t\t<\/h2>\n\t\t\t\t<\/div>\n\t\t\t\t<div class=\"elementor-post__meta-data\">\n\t\t\t\t\t<span class=\"elementor-post-author\">\n\t\t\tInma Garc\u00eda\t\t<\/span>\n\t\t\t\t<span class=\"elementor-post-date\">\n\t\t\tjulio 2, 2024\t\t<\/span>\n\t\t\t\t<\/div>\n\t\t\t\t\t<\/div>\n\t\t<\/article>\n\t\t\t\t<article class=\"elementor-post elementor-grid-item post-1620 post type-post status-publish format-standard has-post-thumbnail hentry category-agentes-e-corretores entry\">\n\t\t\t<div class=\"elementor-post__card\">\n\t\t\t\t<a class=\"elementor-post__thumbnail__link\" href=\"https:\/\/nowo.tech\/pt\/formacao\/cualidades-de-los-agentes-de-seguros-exitosos\/\" target=\"_blank\"><div class=\"elementor-post__thumbnail\"><img loading=\"lazy\" decoding=\"async\" width=\"900\" height=\"600\" src=\"https:\/\/nowo.tech\/pt\/wp-content\/uploads\/sites\/6\/2023\/02\/Qualidades-dos-agentes-de-seguros-de-sucesso.jpg\" class=\"attachment-full size-full wp-image-2603\" alt=\"\" srcset=\"https:\/\/nowo.tech\/pt\/wp-content\/uploads\/sites\/6\/2023\/02\/Qualidades-dos-agentes-de-seguros-de-sucesso.jpg 900w, https:\/\/nowo.tech\/pt\/wp-content\/uploads\/sites\/6\/2023\/02\/Qualidades-dos-agentes-de-seguros-de-sucesso-300x200.jpg 300w, https:\/\/nowo.tech\/pt\/wp-content\/uploads\/sites\/6\/2023\/02\/Qualidades-dos-agentes-de-seguros-de-sucesso-768x512.jpg 768w\" sizes=\"auto, (max-width: 900px) 100vw, 900px\" style=\"width:100%;height:66.67%;max-width:900px;\" title=\"\"><\/div><\/a>\n\t\t\t\t<div class=\"elementor-post__text\">\n\t\t\t\t<h2 class=\"elementor-post__title\">\n\t\t\t<a href=\"https:\/\/nowo.tech\/pt\/formacao\/cualidades-de-los-agentes-de-seguros-exitosos\/\" target=&quot;_blank&quot;>\n\t\t\t\tQualidades dos agentes de seguros de sucesso\t\t\t<\/a>\n\t\t<\/h2>\n\t\t\t\t<\/div>\n\t\t\t\t<div class=\"elementor-post__meta-data\">\n\t\t\t\t\t<span class=\"elementor-post-author\">\n\t\t\tInma Garc\u00eda\t\t<\/span>\n\t\t\t\t<span class=\"elementor-post-date\">\n\t\t\tfebrero 22, 2023\t\t<\/span>\n\t\t\t\t<\/div>\n\t\t\t\t\t<\/div>\n\t\t<\/article>\n\t\t\t\t<article class=\"elementor-post elementor-grid-item post-1600 post type-post status-publish format-standard has-post-thumbnail hentry category-agentes-e-corretores entry\">\n\t\t\t<div class=\"elementor-post__card\">\n\t\t\t\t<a class=\"elementor-post__thumbnail__link\" href=\"https:\/\/nowo.tech\/pt\/formacao\/como-ser-agente-de-seguros\/\" target=\"_blank\"><div class=\"elementor-post__thumbnail\"><img loading=\"lazy\" decoding=\"async\" width=\"900\" height=\"600\" src=\"https:\/\/nowo.tech\/pt\/wp-content\/uploads\/sites\/6\/2023\/02\/Como-se-tornar-um-agente-de-seguros.jpg\" class=\"attachment-full size-full wp-image-2601\" alt=\"\" srcset=\"https:\/\/nowo.tech\/pt\/wp-content\/uploads\/sites\/6\/2023\/02\/Como-se-tornar-um-agente-de-seguros.jpg 900w, https:\/\/nowo.tech\/pt\/wp-content\/uploads\/sites\/6\/2023\/02\/Como-se-tornar-um-agente-de-seguros-300x200.jpg 300w, https:\/\/nowo.tech\/pt\/wp-content\/uploads\/sites\/6\/2023\/02\/Como-se-tornar-um-agente-de-seguros-768x512.jpg 768w\" sizes=\"auto, (max-width: 900px) 100vw, 900px\" style=\"width:100%;height:66.67%;max-width:900px;\" title=\"\"><\/div><\/a>\n\t\t\t\t<div class=\"elementor-post__text\">\n\t\t\t\t<h2 class=\"elementor-post__title\">\n\t\t\t<a href=\"https:\/\/nowo.tech\/pt\/formacao\/como-ser-agente-de-seguros\/\" target=&quot;_blank&quot;>\n\t\t\t\tComo se tornar um agente de seguros\t\t\t<\/a>\n\t\t<\/h2>\n\t\t\t\t<\/div>\n\t\t\t\t<div class=\"elementor-post__meta-data\">\n\t\t\t\t\t<span class=\"elementor-post-author\">\n\t\t\tInma Garc\u00eda\t\t<\/span>\n\t\t\t\t<span class=\"elementor-post-date\">\n\t\t\tfebrero 14, 2023\t\t<\/span>\n\t\t\t\t<\/div>\n\t\t\t\t\t<\/div>\n\t\t<\/article>\n\t\t\t\t<article class=\"elementor-post elementor-grid-item post-1595 post type-post status-publish format-standard has-post-thumbnail hentry category-agentes-e-corretores category-seguradoras entry\">\n\t\t\t<div class=\"elementor-post__card\">\n\t\t\t\t<a class=\"elementor-post__thumbnail__link\" href=\"https:\/\/nowo.tech\/pt\/formacao\/como-interpretar-dados-da-google-analytics\/\" target=\"_blank\"><div class=\"elementor-post__thumbnail\"><img loading=\"lazy\" decoding=\"async\" width=\"900\" height=\"600\" src=\"https:\/\/nowo.tech\/pt\/wp-content\/uploads\/sites\/6\/2023\/02\/Como-interpretar-os-dados-do-Google-Analytics-do-seu-sitio-Web-de-seguros.jpg\" class=\"attachment-full size-full wp-image-2596\" alt=\"\" srcset=\"https:\/\/nowo.tech\/pt\/wp-content\/uploads\/sites\/6\/2023\/02\/Como-interpretar-os-dados-do-Google-Analytics-do-seu-sitio-Web-de-seguros.jpg 900w, https:\/\/nowo.tech\/pt\/wp-content\/uploads\/sites\/6\/2023\/02\/Como-interpretar-os-dados-do-Google-Analytics-do-seu-sitio-Web-de-seguros-300x200.jpg 300w, https:\/\/nowo.tech\/pt\/wp-content\/uploads\/sites\/6\/2023\/02\/Como-interpretar-os-dados-do-Google-Analytics-do-seu-sitio-Web-de-seguros-768x512.jpg 768w\" sizes=\"auto, (max-width: 900px) 100vw, 900px\" style=\"width:100%;height:66.67%;max-width:900px;\" title=\"\"><\/div><\/a>\n\t\t\t\t<div class=\"elementor-post__text\">\n\t\t\t\t<h2 class=\"elementor-post__title\">\n\t\t\t<a href=\"https:\/\/nowo.tech\/pt\/formacao\/como-interpretar-dados-da-google-analytics\/\" target=&quot;_blank&quot;>\n\t\t\t\tComo interpretar os dados do Google Analytics do seu s\u00edtio Web de seguros\t\t\t<\/a>\n\t\t<\/h2>\n\t\t\t\t<\/div>\n\t\t\t\t<div class=\"elementor-post__meta-data\">\n\t\t\t\t\t<span class=\"elementor-post-author\">\n\t\t\tInma Garc\u00eda\t\t<\/span>\n\t\t\t\t<span class=\"elementor-post-date\">\n\t\t\tfebrero 9, 2023\t\t<\/span>\n\t\t\t\t<\/div>\n\t\t\t\t\t<\/div>\n\t\t<\/article>\n\t\t\t\t<article class=\"elementor-post elementor-grid-item post-1591 post type-post status-publish format-standard has-post-thumbnail hentry category-agentes-e-corretores entry\">\n\t\t\t<div class=\"elementor-post__card\">\n\t\t\t\t<a class=\"elementor-post__thumbnail__link\" href=\"https:\/\/nowo.tech\/pt\/formacao\/como-vender-seguros-dentarios\/\" target=\"_blank\"><div class=\"elementor-post__thumbnail\"><img loading=\"lazy\" decoding=\"async\" width=\"2560\" height=\"1708\" src=\"https:\/\/nowo.tech\/pt\/wp-content\/uploads\/sites\/6\/2023\/02\/Como-vender-seguros-dentarios-scaled.jpg\" class=\"attachment-full size-full wp-image-2593\" alt=\"\" srcset=\"https:\/\/nowo.tech\/pt\/wp-content\/uploads\/sites\/6\/2023\/02\/Como-vender-seguros-dentarios-scaled.jpg 2560w, https:\/\/nowo.tech\/pt\/wp-content\/uploads\/sites\/6\/2023\/02\/Como-vender-seguros-dentarios-300x200.jpg 300w, https:\/\/nowo.tech\/pt\/wp-content\/uploads\/sites\/6\/2023\/02\/Como-vender-seguros-dentarios-1024x683.jpg 1024w, https:\/\/nowo.tech\/pt\/wp-content\/uploads\/sites\/6\/2023\/02\/Como-vender-seguros-dentarios-768x512.jpg 768w, https:\/\/nowo.tech\/pt\/wp-content\/uploads\/sites\/6\/2023\/02\/Como-vender-seguros-dentarios-1536x1025.jpg 1536w, https:\/\/nowo.tech\/pt\/wp-content\/uploads\/sites\/6\/2023\/02\/Como-vender-seguros-dentarios-2048x1366.jpg 2048w, https:\/\/nowo.tech\/pt\/wp-content\/uploads\/sites\/6\/2023\/02\/Como-vender-seguros-dentarios-1568x1046.jpg 1568w\" sizes=\"auto, (max-width: 2560px) 100vw, 2560px\" style=\"width:100%;height:66.72%;max-width:2560px;\" title=\"\"><\/div><\/a>\n\t\t\t\t<div class=\"elementor-post__text\">\n\t\t\t\t<h2 class=\"elementor-post__title\">\n\t\t\t<a href=\"https:\/\/nowo.tech\/pt\/formacao\/como-vender-seguros-dentarios\/\" target=&quot;_blank&quot;>\n\t\t\t\tComo vender seguros dent\u00e1rios\t\t\t<\/a>\n\t\t<\/h2>\n\t\t\t\t<\/div>\n\t\t\t\t<div class=\"elementor-post__meta-data\">\n\t\t\t\t\t<span class=\"elementor-post-author\">\n\t\t\tInma Garc\u00eda\t\t<\/span>\n\t\t\t\t<span class=\"elementor-post-date\">\n\t\t\tfebrero 6, 2023\t\t<\/span>\n\t\t\t\t<\/div>\n\t\t\t\t\t<\/div>\n\t\t<\/article>\n\t\t\t\t<article class=\"elementor-post elementor-grid-item post-1586 post type-post status-publish format-standard has-post-thumbnail hentry category-agentes-e-corretores category-seguradoras category-seguro-integrado entry\">\n\t\t\t<div class=\"elementor-post__card\">\n\t\t\t\t<a class=\"elementor-post__thumbnail__link\" href=\"https:\/\/nowo.tech\/pt\/formacao\/seguros-embebidos-o-integrados-que-debes-saber-y-como-trabajar-con-ellos\/\" target=\"_blank\"><div class=\"elementor-post__thumbnail\"><img loading=\"lazy\" decoding=\"async\" width=\"768\" height=\"512\" src=\"https:\/\/nowo.tech\/pt\/wp-content\/uploads\/sites\/6\/2023\/02\/Seguros-incorporados-ou-integrados.-O-que-precisa-de-saber-e-como-trabalhar-com-eles.jpg\" class=\"attachment-full size-full wp-image-2589\" alt=\"\" srcset=\"https:\/\/nowo.tech\/pt\/wp-content\/uploads\/sites\/6\/2023\/02\/Seguros-incorporados-ou-integrados.-O-que-precisa-de-saber-e-como-trabalhar-com-eles.jpg 768w, https:\/\/nowo.tech\/pt\/wp-content\/uploads\/sites\/6\/2023\/02\/Seguros-incorporados-ou-integrados.-O-que-precisa-de-saber-e-como-trabalhar-com-eles-300x200.jpg 300w\" sizes=\"auto, (max-width: 768px) 100vw, 768px\" style=\"width:100%;height:66.67%;max-width:768px;\" title=\"\"><\/div><\/a>\n\t\t\t\t<div class=\"elementor-post__text\">\n\t\t\t\t<h2 class=\"elementor-post__title\">\n\t\t\t<a href=\"https:\/\/nowo.tech\/pt\/formacao\/seguros-embebidos-o-integrados-que-debes-saber-y-como-trabajar-con-ellos\/\" target=&quot;_blank&quot;>\n\t\t\t\tSeguros incorporados ou integrados. O que precisa de saber e como trabalhar com eles\t\t\t<\/a>\n\t\t<\/h2>\n\t\t\t\t<\/div>\n\t\t\t\t<div class=\"elementor-post__meta-data\">\n\t\t\t\t\t<span class=\"elementor-post-author\">\n\t\t\tInma Garc\u00eda\t\t<\/span>\n\t\t\t\t<span class=\"elementor-post-date\">\n\t\t\tfebrero 3, 2023\t\t<\/span>\n\t\t\t\t<\/div>\n\t\t\t\t\t<\/div>\n\t\t<\/article>\n\t\t\t\t<article class=\"elementor-post elementor-grid-item post-1518 post type-post status-publish format-standard has-post-thumbnail hentry category-agentes-e-corretores category-seguradoras entry\">\n\t\t\t<div class=\"elementor-post__card\">\n\t\t\t\t<a class=\"elementor-post__thumbnail__link\" href=\"https:\/\/nowo.tech\/pt\/formacao\/como-digitalizar-los-procesos-de-venta-de-corredurias-de-seguros\/\" target=\"_blank\"><div class=\"elementor-post__thumbnail\"><img loading=\"lazy\" decoding=\"async\" width=\"2560\" height=\"1708\" src=\"https:\/\/nowo.tech\/pt\/wp-content\/uploads\/sites\/6\/2023\/01\/Digitalizacao-dos-processos-de-venda-de-corretagem-scaled.jpg\" class=\"attachment-full size-full wp-image-2586\" alt=\"\" srcset=\"https:\/\/nowo.tech\/pt\/wp-content\/uploads\/sites\/6\/2023\/01\/Digitalizacao-dos-processos-de-venda-de-corretagem-scaled.jpg 2560w, https:\/\/nowo.tech\/pt\/wp-content\/uploads\/sites\/6\/2023\/01\/Digitalizacao-dos-processos-de-venda-de-corretagem-300x200.jpg 300w, https:\/\/nowo.tech\/pt\/wp-content\/uploads\/sites\/6\/2023\/01\/Digitalizacao-dos-processos-de-venda-de-corretagem-1024x683.jpg 1024w, https:\/\/nowo.tech\/pt\/wp-content\/uploads\/sites\/6\/2023\/01\/Digitalizacao-dos-processos-de-venda-de-corretagem-768x512.jpg 768w, https:\/\/nowo.tech\/pt\/wp-content\/uploads\/sites\/6\/2023\/01\/Digitalizacao-dos-processos-de-venda-de-corretagem-1536x1025.jpg 1536w, https:\/\/nowo.tech\/pt\/wp-content\/uploads\/sites\/6\/2023\/01\/Digitalizacao-dos-processos-de-venda-de-corretagem-2048x1366.jpg 2048w, https:\/\/nowo.tech\/pt\/wp-content\/uploads\/sites\/6\/2023\/01\/Digitalizacao-dos-processos-de-venda-de-corretagem-1568x1046.jpg 1568w\" sizes=\"auto, (max-width: 2560px) 100vw, 2560px\" style=\"width:100%;height:66.72%;max-width:2560px;\" title=\"\"><\/div><\/a>\n\t\t\t\t<div class=\"elementor-post__text\">\n\t\t\t\t<h2 class=\"elementor-post__title\">\n\t\t\t<a href=\"https:\/\/nowo.tech\/pt\/formacao\/como-digitalizar-los-procesos-de-venta-de-corredurias-de-seguros\/\" target=&quot;_blank&quot;>\n\t\t\t\tComo digitalizar os processos de venda dos corretores de seguros e vender em linha\t\t\t<\/a>\n\t\t<\/h2>\n\t\t\t\t<\/div>\n\t\t\t\t<div class=\"elementor-post__meta-data\">\n\t\t\t\t\t<span class=\"elementor-post-author\">\n\t\t\tInma Garc\u00eda\t\t<\/span>\n\t\t\t\t<span class=\"elementor-post-date\">\n\t\t\tenero 30, 2023\t\t<\/span>\n\t\t\t\t<\/div>\n\t\t\t\t\t<\/div>\n\t\t<\/article>\n\t\t\t\t<article class=\"elementor-post elementor-grid-item post-1498 post type-post status-publish format-standard has-post-thumbnail hentry category-agentes-e-corretores category-seguradoras entry\">\n\t\t\t<div class=\"elementor-post__card\">\n\t\t\t\t<a class=\"elementor-post__thumbnail__link\" href=\"https:\/\/nowo.tech\/pt\/formacao\/vender-seguros-con-google-ads\/\" target=\"_blank\"><div class=\"elementor-post__thumbnail\"><img loading=\"lazy\" decoding=\"async\" width=\"768\" height=\"513\" src=\"https:\/\/nowo.tech\/pt\/wp-content\/uploads\/sites\/6\/2023\/01\/Vender-seguros-com-o-Google-Ads.jpg\" class=\"attachment-full size-full wp-image-2582\" alt=\"\" srcset=\"https:\/\/nowo.tech\/pt\/wp-content\/uploads\/sites\/6\/2023\/01\/Vender-seguros-com-o-Google-Ads.jpg 768w, https:\/\/nowo.tech\/pt\/wp-content\/uploads\/sites\/6\/2023\/01\/Vender-seguros-com-o-Google-Ads-300x200.jpg 300w\" sizes=\"auto, (max-width: 768px) 100vw, 768px\" style=\"width:100%;height:66.8%;max-width:768px;\" title=\"\"><\/div><\/a>\n\t\t\t\t<div class=\"elementor-post__text\">\n\t\t\t\t<h2 class=\"elementor-post__title\">\n\t\t\t<a href=\"https:\/\/nowo.tech\/pt\/formacao\/vender-seguros-con-google-ads\/\" target=&quot;_blank&quot;>\n\t\t\t\tVender seguros com o Google Ads: estrat\u00e9gias e t\u00e9cnicas para aumentar as suas convers\u00f5es\t\t\t<\/a>\n\t\t<\/h2>\n\t\t\t\t<\/div>\n\t\t\t\t<div class=\"elementor-post__meta-data\">\n\t\t\t\t\t<span class=\"elementor-post-author\">\n\t\t\tInma Garc\u00eda\t\t<\/span>\n\t\t\t\t<span class=\"elementor-post-date\">\n\t\t\tenero 20, 2023\t\t<\/span>\n\t\t\t\t<\/div>\n\t\t\t\t\t<\/div>\n\t\t<\/article>\n\t\t\t\t<\/div>\n\n\n\t\t\n\t\t\t\t<div class=\"e-load-more-anchor\" data-page=\"1\" data-max-page=\"4\" data-next-page=\"https:\/\/nowo.tech\/pt\/wp-json\/wp\/v2\/pages\/173\/page\/2\/\"><\/div>\n\t\t\t\t<nav class=\"elementor-pagination\" role=\"navigation\" aria-label=\"Pagination\">\n\t\t\t<span aria-current=\"page\" class=\"page-numbers current\"><span class=\"elementor-screen-only\">Page<\/span>1<\/span>\n<a class=\"page-numbers\" href=\"https:\/\/nowo.tech\/pt\/wp-json\/wp\/v2\/pages\/173\/page\/2\/\"><span class=\"elementor-screen-only\">Page<\/span>2<\/a>\n<a class=\"page-numbers\" href=\"https:\/\/nowo.tech\/pt\/wp-json\/wp\/v2\/pages\/173\/page\/3\/\"><span class=\"elementor-screen-only\">Page<\/span>3<\/a>\n<a class=\"page-numbers\" href=\"https:\/\/nowo.tech\/pt\/wp-json\/wp\/v2\/pages\/173\/page\/4\/\"><span class=\"elementor-screen-only\">Page<\/span>4<\/a>\t\t<\/nav>\n\t\t\t\t<\/div>\n\t\t\t\t<\/div>\n\t\t\t\t<div class=\"elementor-element elementor-element-cec730a elementor-align-center elementor-widget elementor-widget-button\" data-id=\"cec730a\" data-element_type=\"widget\" data-widget_type=\"button.default\">\n\t\t\t\t<div class=\"elementor-widget-container\">\n\t\t\t\t\t<div class=\"elementor-button-wrapper\">\n\t\t\t<a class=\"elementor-button elementor-button-link elementor-size-sm\" href=\"https:\/\/nowo.tech\/pt\/recursos\/\">\n\t\t\t\t\t\t<span class=\"elementor-button-content-wrapper\">\n\t\t\t\t\t\t<span class=\"elementor-button-icon elementor-align-icon-right\">\n\t\t\t\t<i aria-hidden=\"true\" class=\"fas fa-bookmark\"><\/i>\t\t\t<\/span>\n\t\t\t\t\t\t<span class=\"elementor-button-text\">Ver mais recursos<\/span>\n\t\t<\/span>\n\t\t\t\t\t<\/a>\n\t\t<\/div>\n\t\t\t\t<\/div>\n\t\t\t\t<\/div>\n\t\t\t\t\t<\/div>\n\t\t<\/div>\n\t\t\t\t\t\t\t<\/div>\n\t\t<\/section>\n\t\t\t\t\t\t\t<\/div>\n\t\t","protected":false},"excerpt":{"rendered":"<p>Blogue para companhias de seguros &#8211; Forma\u00e7\u00e3o sobre como vender seguros Ver mais recursos<\/p>\n","protected":false},"author":1,"featured_media":67,"parent":0,"menu_order":0,"comment_status":"closed","ping_status":"closed","template":"elementor_header_footer","meta":{"footnotes":""},"class_list":["post-173","page","type-page","status-publish","has-post-thumbnail","hentry","entry"],"_links":{"self":[{"href":"https:\/\/nowo.tech\/pt\/wp-json\/wp\/v2\/pages\/173","targetHints":{"allow":["GET"]}}],"collection":[{"href":"https:\/\/nowo.tech\/pt\/wp-json\/wp\/v2\/pages"}],"about":[{"href":"https:\/\/nowo.tech\/pt\/wp-json\/wp\/v2\/types\/page"}],"author":[{"embeddable":true,"href":"https:\/\/nowo.tech\/pt\/wp-json\/wp\/v2\/users\/1"}],"replies":[{"embeddable":true,"href":"https:\/\/nowo.tech\/pt\/wp-json\/wp\/v2\/comments?post=173"}],"version-history":[{"count":28,"href":"https:\/\/nowo.tech\/pt\/wp-json\/wp\/v2\/pages\/173\/revisions"}],"predecessor-version":[{"id":2471,"href":"https:\/\/nowo.tech\/pt\/wp-json\/wp\/v2\/pages\/173\/revisions\/2471"}],"wp:featuredmedia":[{"embeddable":true,"href":"https:\/\/nowo.tech\/pt\/wp-json\/wp\/v2\/media\/67"}],"wp:attachment":[{"href":"https:\/\/nowo.tech\/pt\/wp-json\/wp\/v2\/media?parent=173"}],"curies":[{"name":"wp","href":"https:\/\/api.w.org\/{rel}","templated":true}]}}