{"id":109,"date":"2022-10-14T06:38:49","date_gmt":"2022-10-14T06:38:49","guid":{"rendered":"http:\/\/nowo.tech\/?page_id=109"},"modified":"2024-07-15T09:20:14","modified_gmt":"2024-07-15T09:20:14","slug":"aviso-legal","status":"publish","type":"page","link":"https:\/\/nowo.tech\/pt\/aviso-legal\/","title":{"rendered":"Aviso legal"},"content":{"rendered":"\t\t<div data-elementor-type=\"wp-page\" data-elementor-id=\"109\" class=\"elementor elementor-109\">\n\t\t\t\t\t\t\t\t\t<section class=\"elementor-section elementor-top-section elementor-element elementor-element-6e72c74 elementor-section-stretched elementor-section-boxed elementor-section-height-default elementor-section-height-default\" data-id=\"6e72c74\" data-element_type=\"section\" data-settings=\"{&quot;stretch_section&quot;:&quot;section-stretched&quot;}\">\n\t\t\t\t\t\t\t<div class=\"elementor-background-overlay\"><\/div>\n\t\t\t\t\t\t\t<div class=\"elementor-container elementor-column-gap-default\">\n\t\t\t\t\t<div class=\"elementor-column elementor-col-100 elementor-top-column elementor-element elementor-element-4da8c9b\" data-id=\"4da8c9b\" data-element_type=\"column\">\n\t\t\t<div class=\"elementor-widget-wrap elementor-element-populated\">\n\t\t\t\t\t\t\t\t<div class=\"elementor-element elementor-element-eaaf479 elementor-widget elementor-widget-heading\" data-id=\"eaaf479\" data-element_type=\"widget\" data-widget_type=\"heading.default\">\n\t\t\t\t<div class=\"elementor-widget-container\">\n\t\t\t<style>\/*! elementor - v3.17.0 - 08-11-2023 *\/\n.elementor-heading-title{padding:0;margin:0;line-height:1}.elementor-widget-heading .elementor-heading-title[class*=elementor-size-]>a{color:inherit;font-size:inherit;line-height:inherit}.elementor-widget-heading .elementor-heading-title.elementor-size-small{font-size:15px}.elementor-widget-heading .elementor-heading-title.elementor-size-medium{font-size:19px}.elementor-widget-heading .elementor-heading-title.elementor-size-large{font-size:29px}.elementor-widget-heading .elementor-heading-title.elementor-size-xl{font-size:39px}.elementor-widget-heading .elementor-heading-title.elementor-size-xxl{font-size:59px}<\/style><p class=\"elementor-heading-title elementor-size-default\">Aviso legal<\/p>\t\t<\/div>\n\t\t\t\t<\/div>\n\t\t\t\t<div class=\"elementor-element elementor-element-09de215 elementor-widget elementor-widget-heading\" data-id=\"09de215\" data-element_type=\"widget\" data-widget_type=\"heading.default\">\n\t\t\t\t<div class=\"elementor-widget-container\">\n\t\t\t<p class=\"elementor-heading-title elementor-size-default\">1. Responsabilidade legal pelo s\u00edtio Web<\/p>\t\t<\/div>\n\t\t\t\t<\/div>\n\t\t\t\t<div class=\"elementor-element elementor-element-d314aa6 elementor-widget elementor-widget-text-editor\" data-id=\"d314aa6\" data-element_type=\"widget\" data-widget_type=\"text-editor.default\">\n\t\t\t\t<div class=\"elementor-widget-container\">\n\t\t\t<style>\/*! elementor - v3.17.0 - 08-11-2023 *\/\n.elementor-widget-text-editor.elementor-drop-cap-view-stacked .elementor-drop-cap{background-color:#69727d;color:#fff}.elementor-widget-text-editor.elementor-drop-cap-view-framed .elementor-drop-cap{color:#69727d;border:3px solid;background-color:transparent}.elementor-widget-text-editor:not(.elementor-drop-cap-view-default) .elementor-drop-cap{margin-top:8px}.elementor-widget-text-editor:not(.elementor-drop-cap-view-default) .elementor-drop-cap-letter{width:1em;height:1em}.elementor-widget-text-editor .elementor-drop-cap{float:left;text-align:center;line-height:1;font-size:50px}.elementor-widget-text-editor .elementor-drop-cap-letter{display:inline-block}<\/style>\t\t\t\t<ul>\n<li>Respons\u00e1vel Legal: Nowo Insurance Services S.L.<br>Nif\/Cif: B01772607<br>Endere\u00e7o: Calle Marie Curie, n\u00famero 20, Bajo izquierda, 29590 Parque Tecnol\u00f3gico de Andaluc\u00eda. Campanillas (M\u00e1laga)<br>Email de contacto: hola@nowo.tech<br>Tlf: +34 951 204 864<br>Dados de registo: Inscrita no Registo Comercial de M\u00e1laga, Tomo 5960, Livro 4867, F\u00f3lio 115, Sec\u00e7\u00e3o 8, Folha MA156668, I\/A 1<\/li>\n<\/ul>\t\t\t\t\t\t<\/div>\n\t\t\t\t<\/div>\n\t\t\t\t<div class=\"elementor-element elementor-element-397569c elementor-widget elementor-widget-heading\" data-id=\"397569c\" data-element_type=\"widget\" data-widget_type=\"heading.default\">\n\t\t\t\t<div class=\"elementor-widget-container\">\n\t\t\t<p class=\"elementor-heading-title elementor-size-default\">2. Condi\u00e7\u00f5es de utiliza\u00e7\u00e3o<\/p>\t\t<\/div>\n\t\t\t\t<\/div>\n\t\t\t\t<div class=\"elementor-element elementor-element-43aecf5 elementor-widget elementor-widget-text-editor\" data-id=\"43aecf5\" data-element_type=\"widget\" data-widget_type=\"text-editor.default\">\n\t\t\t\t<div class=\"elementor-widget-container\">\n\t\t\t\t\t\t\t<p>As presentes condi\u00e7\u00f5es legais regulam a utiliza\u00e7\u00e3o permitida deste s\u00edtio Web que a Nowo Insurance Services S.L., doravante designada por (NOWO.TECH) coloca \u00e0 disposi\u00e7\u00e3o dos utilizadores da Internet. Se o utilizador n\u00e3o estiver de acordo com estas condi\u00e7\u00f5es legais, dever\u00e1 abandonar este s\u00edtio Web.<\/p><p>O utilizador compromete-se a utilizar o s\u00edtio Web, os servi\u00e7os e os seus conte\u00fados de forma diligente, correcta e l\u00edcita e, em particular, deve abster-se de<\/p><ul><li>Eliminar, iludir ou manipular os direitos de autor e outros dados identificativos dos direitos dos titulares incorporados nos conte\u00fados, bem como os dispositivos t\u00e9cnicos de prote\u00e7\u00e3o ou quaisquer mecanismos de informa\u00e7\u00e3o que possam estar contidos nos conte\u00fados.<\/li><li>Introduzir programas, v\u00edrus, macros ou qualquer outro dispositivo l\u00f3gico ou sequ\u00eancia de caracteres que causem ou sejam suscept\u00edveis de causar qualquer tipo de altera\u00e7\u00e3o no site ou nos sistemas inform\u00e1ticos que o suportam.<\/li><li>Utilizar ou instalar programas ou dispositivos capazes de invalidar os controlos de seguran\u00e7a ou palavras-passe, estabelecidos pela THENOWO.COM, sendo igualmente proibido decifrar as chaves, sistemas ou algoritmos de encripta\u00e7\u00e3o ou qualquer outro elemento de seguran\u00e7a do site ou de qualquer um dos seus utilizadores.<\/li><li>Fazer c\u00f3pias ou capturas de ecr\u00e3 do s\u00edtio Web sem a autoriza\u00e7\u00e3o expressa da NOWO.TECH.<\/li><li>Efetuar c\u00f3pias ou vers\u00f5es do s\u00edtio web ou do seu c\u00f3digo fonte, sem o consentimento expresso da NOWO.TECH.<\/li><li>Ter qualquer tipo de comportamento contr\u00e1rio \u00e0 lei ou \u00e0 boa f\u00e9.<\/li><\/ul>\t\t\t\t\t\t<\/div>\n\t\t\t\t<\/div>\n\t\t\t\t<div class=\"elementor-element elementor-element-737a4e1 elementor-widget elementor-widget-heading\" data-id=\"737a4e1\" data-element_type=\"widget\" data-widget_type=\"heading.default\">\n\t\t\t\t<div class=\"elementor-widget-container\">\n\t\t\t<p class=\"elementor-heading-title elementor-size-default\">3. Exclus\u00e3o de responsabilidade<\/p>\t\t<\/div>\n\t\t\t\t<\/div>\n\t\t\t\t<div class=\"elementor-element elementor-element-9b39715 elementor-widget elementor-widget-text-editor\" data-id=\"9b39715\" data-element_type=\"widget\" data-widget_type=\"text-editor.default\">\n\t\t\t\t<div class=\"elementor-widget-container\">\n\t\t\t\t\t\t\t<p>A NOWO.TECH n\u00e3o se responsabiliza por quaisquer perdas ou danos que possam ser causados ao utilizador por v\u00edrus, indisponibilidade ou qualquer outro comportamento an\u00f3malo do s\u00edtio web. A NOWO.TECH adoptou todas as medidas de seguran\u00e7a ao seu alcance e de acordo com o estado atual da t\u00e9cnica para garantir o correto funcionamento do s\u00edtio e evitar qualquer tipo de dano ao utilizador.<\/p>\t\t\t\t\t\t<\/div>\n\t\t\t\t<\/div>\n\t\t\t\t<div class=\"elementor-element elementor-element-ef3f880 elementor-widget elementor-widget-heading\" data-id=\"ef3f880\" data-element_type=\"widget\" data-widget_type=\"heading.default\">\n\t\t\t\t<div class=\"elementor-widget-container\">\n\t\t\t<p class=\"elementor-heading-title elementor-size-default\">4. Registo do utilizador<\/p>\t\t<\/div>\n\t\t\t\t<\/div>\n\t\t\t\t<div class=\"elementor-element elementor-element-e3e0812 elementor-widget elementor-widget-text-editor\" data-id=\"e3e0812\" data-element_type=\"widget\" data-widget_type=\"text-editor.default\">\n\t\t\t\t<div class=\"elementor-widget-container\">\n\t\t\t\t\t\t\t<p>O acesso e a utiliza\u00e7\u00e3o de determinadas sec\u00e7\u00f5es deste s\u00edtio Web requerem um registo pr\u00e9vio como utilizador. Os utilizadores com menos de 18 anos n\u00e3o est\u00e3o autorizados a registar-se. A NOWO.TECH reserva-se o direito de verificar as informa\u00e7\u00f5es fornecidas pelo utilizador. Uma vez registado no nosso s\u00edtio Web, o utilizador pode aceder, modificar ou cancelar os dados do seu perfil de utilizador em qualquer momento.<\/p><p>A NOWO.TECH adverte os utilizadores de que os pedidos de registo efectuados de forma fraudulenta ou em viola\u00e7\u00e3o de normas ou direitos de terceiros poder\u00e3o ser rejeitados, podendo ainda ser cancelado o registo dos utilizadores que violem as presentes condi\u00e7\u00f5es legais ou as advert\u00eancias e exig\u00eancias que lhes sejam dirigidas pela NOWO.TECH relativamente a comportamentos que violem as pol\u00edticas e normas que regem este s\u00edtio.<\/p><p>O utilizador \u00e9 respons\u00e1vel por qualquer a\u00e7\u00e3o realizada com o seu nome de utilizador ou conta. O utilizador \u00e9 respons\u00e1vel pela utiliza\u00e7\u00e3o e confidencialidade da sua palavra-passe de acesso \u00e0 sua conta e, se suspeitar que a seguran\u00e7a da sua palavra-passe foi comprometida, deve alter\u00e1-la imediatamente.<\/p><p>O utilizador compromete-se a fazer uma utiliza\u00e7\u00e3o adequada do s\u00edtio web da NOWO.TECH e, a t\u00edtulo de exemplo mas sem limita\u00e7\u00e3o, compromete-se a n\u00e3o adotar as seguintes condutas:<\/p><ul><li>Fazer-se passar por outra pessoa, fornecer informa\u00e7\u00f5es falsas ou informa\u00e7\u00f5es pertencentes a outras pessoas no seu registo ou perfil de utilizador.<br \/>Atribuir o nome de utilizador e a palavra-passe atribu\u00eddos ao utilizador registado a qualquer pessoa singular ou colectiva.<\/li><li>Introduzir conte\u00fados que violem os direitos de propriedade intelectual ou industrial, realizar actividades il\u00edcitas ou ilegais ou actividades contr\u00e1rias \u00e0 boa f\u00e9 e \u00e0 ordem p\u00fablica.<\/li><li>Introduzir ou difundir conte\u00fados ou propaganda de car\u00e1cter racista, xen\u00f3fobo, pornogr\u00e1fico, terrorista ou que atente contra os direitos de terceiros.<\/li><li>Efetuar coment\u00e1rios na p\u00e1gina que insultem, difamem ou desrespeitem outros utilizadores registados, membros da NOWO.TECH ou terceiros, bem como utilizar linguagem obscena e ofensiva.<\/li><li>Causar danos aos sistemas f\u00edsicos e l\u00f3gicos da NOWO.TECH, dos seus fornecedores, utilizadores ou terceiros.<\/li><li>Introduzir ou disseminar v\u00edrus inform\u00e1ticos ou quaisquer outros sistemas f\u00edsicos ou l\u00f3gicos que possam causar os danos acima referidos.<\/li><li>Suprimir, iludir ou manipular as medidas de seguran\u00e7a implementadas pela NOWO.TECH.<\/li><li>Tentar aceder e, se for caso disso, utilizar as contas de outros utilizadores e modificar ou manipular as suas mensagens ou conte\u00fados.<\/li><li>Introduzir conte\u00fados pertencentes a terceiros sem a sua autoriza\u00e7\u00e3o.<\/li><li>Introduzir conte\u00fados ped\u00f3filos ou ilegais.<\/li><li>Introduzir mensagens ou conte\u00fados comerciais ou publicit\u00e1rios sem o consentimento da NOWO.TECH.<\/li><li>Recolher endere\u00e7os de utilizadores.<\/li><\/ul>\t\t\t\t\t\t<\/div>\n\t\t\t\t<\/div>\n\t\t\t\t<div class=\"elementor-element elementor-element-edf0c3c elementor-widget elementor-widget-heading\" data-id=\"edf0c3c\" data-element_type=\"widget\" data-widget_type=\"heading.default\">\n\t\t\t\t<div class=\"elementor-widget-container\">\n\t\t\t<p class=\"elementor-heading-title elementor-size-default\">5. Liga\u00e7\u00f5es<\/p>\t\t<\/div>\n\t\t\t\t<\/div>\n\t\t\t\t<div class=\"elementor-element elementor-element-79c1e4e elementor-widget elementor-widget-text-editor\" data-id=\"79c1e4e\" data-element_type=\"widget\" data-widget_type=\"text-editor.default\">\n\t\t\t\t<div class=\"elementor-widget-container\">\n\t\t\t\t\t\t\t<p>A NOWO.TECH declina qualquer responsabilidade pelos servi\u00e7os e\/ou informa\u00e7\u00f5es fornecidos noutros s\u00edtios ligados a este s\u00edtio. A NOWO.TECH n\u00e3o controla nem exerce qualquer tipo de supervis\u00e3o sobre as p\u00e1ginas ligadas. Os utilizadores que utilizem estes links dever\u00e3o consultar as condi\u00e7\u00f5es legais constantes das p\u00e1ginas de destino.<\/p><p>A NOWO.TECH tamb\u00e9m n\u00e3o \u00e9 respons\u00e1vel pelos links inclu\u00eddos no seu s\u00edtio para s\u00edtios de terceiros que n\u00e3o perten\u00e7am \u00e0 NOWO.TECH. Os utilizadores que utilizem estas liga\u00e7\u00f5es dever\u00e3o consultar as condi\u00e7\u00f5es legais constantes das p\u00e1ginas de destino.<\/p>\t\t\t\t\t\t<\/div>\n\t\t\t\t<\/div>\n\t\t\t\t<div class=\"elementor-element elementor-element-eaad76f elementor-widget elementor-widget-heading\" data-id=\"eaad76f\" data-element_type=\"widget\" data-widget_type=\"heading.default\">\n\t\t\t\t<div class=\"elementor-widget-container\">\n\t\t\t<p class=\"elementor-heading-title elementor-size-default\">6. Propriedade intelectual<\/p>\t\t<\/div>\n\t\t\t\t<\/div>\n\t\t\t\t<div class=\"elementor-element elementor-element-8b9b283 elementor-widget elementor-widget-text-editor\" data-id=\"8b9b283\" data-element_type=\"widget\" data-widget_type=\"text-editor.default\">\n\t\t\t\t<div class=\"elementor-widget-container\">\n\t\t\t\t\t\t\t<p>Os textos, imagens, log\u00f3tipos, sinais distintivos, sons, anima\u00e7\u00f5es, v\u00eddeos, c\u00f3digo fonte e demais conte\u00fados inclu\u00eddos neste s\u00edtio s\u00e3o propriedade da NOWO.TECH, ou esta tem autoriza\u00e7\u00e3o para a sua utiliza\u00e7\u00e3o e\/ou explora\u00e7\u00e3o.<\/p><p>O utilizador deste s\u00edtio poder\u00e1 reproduzir ou armazenar os conte\u00fados armazenados neste s\u00edtio para seu uso exclusivamente pessoal ou para os fins autorizados nas condi\u00e7\u00f5es legais deste s\u00edtio. Qualquer outra forma de transmiss\u00e3o, distribui\u00e7\u00e3o, reprodu\u00e7\u00e3o ou armazenamento, total ou parcial, dos conte\u00fados armazenados neste s\u00edtio \u00e9 expressamente proibida sem o consentimento pr\u00e9vio e expresso da NOWO.TECH.<\/p>\t\t\t\t\t\t<\/div>\n\t\t\t\t<\/div>\n\t\t\t\t<div class=\"elementor-element elementor-element-44b7be4 elementor-widget elementor-widget-heading\" data-id=\"44b7be4\" data-element_type=\"widget\" data-widget_type=\"heading.default\">\n\t\t\t\t<div class=\"elementor-widget-container\">\n\t\t\t<p class=\"elementor-heading-title elementor-size-default\">7. Legisla\u00e7\u00e3o e jurisdi\u00e7\u00e3o<\/p>\t\t<\/div>\n\t\t\t\t<\/div>\n\t\t\t\t<div class=\"elementor-element elementor-element-aab15ac elementor-widget elementor-widget-text-editor\" data-id=\"aab15ac\" data-element_type=\"widget\" data-widget_type=\"text-editor.default\">\n\t\t\t\t<div class=\"elementor-widget-container\">\n\t\t\t\t\t\t\t<p>O presente s\u00edtio Web est\u00e1 sujeito \u00e0 legisla\u00e7\u00e3o espanhola e, em caso de lit\u00edgio ou diferendo decorrente da utiliza\u00e7\u00e3o do presente s\u00edtio Web, ambas as partes submetem-se \u00e0 jurisdi\u00e7\u00e3o dos tribunais do domic\u00edlio da THENOWO.COM. Esta cl\u00e1usula de submiss\u00e3o expressa n\u00e3o se aplica aos casos de lit\u00edgio com os utilizadores do site que, de acordo com a legisla\u00e7\u00e3o em vigor, sejam consumidores, caso em que ambas as partes ficar\u00e3o sujeitas \u00e0 jurisdi\u00e7\u00e3o dos Tribunais do domic\u00edlio do consumidor.<\/p>\t\t\t\t\t\t<\/div>\n\t\t\t\t<\/div>\n\t\t\t\t<div class=\"elementor-element elementor-element-29b6e98 elementor-widget elementor-widget-heading\" data-id=\"29b6e98\" data-element_type=\"widget\" data-widget_type=\"heading.default\">\n\t\t\t\t<div class=\"elementor-widget-container\">\n\t\t\t<p class=\"elementor-heading-title elementor-size-default\">8. Vers\u00e3o<\/p>\t\t<\/div>\n\t\t\t\t<\/div>\n\t\t\t\t<div class=\"elementor-element elementor-element-4ce64d9 elementor-widget elementor-widget-text-editor\" data-id=\"4ce64d9\" data-element_type=\"widget\" data-widget_type=\"text-editor.default\">\n\t\t\t\t<div class=\"elementor-widget-container\">\n\t\t\t\t\t\t\t<p>O presente Aviso Legal \u00e9 datado de 14\/11\/2021 e quaisquer altera\u00e7\u00f5es aos seus termos ser\u00e3o publicadas no s\u00edtio Web.<\/p>\t\t\t\t\t\t<\/div>\n\t\t\t\t<\/div>\n\t\t\t\t<div class=\"elementor-element elementor-element-2935709 elementor-widget elementor-widget-heading\" data-id=\"2935709\" data-element_type=\"widget\" data-widget_type=\"heading.default\">\n\t\t\t\t<div class=\"elementor-widget-container\">\n\t\t\t<p class=\"elementor-heading-title elementor-size-default\">Informa\u00e7\u00f5es gerais<\/p>\t\t<\/div>\n\t\t\t\t<\/div>\n\t\t\t\t<div class=\"elementor-element elementor-element-b6f641a elementor-widget elementor-widget-text-editor\" data-id=\"b6f641a\" data-element_type=\"widget\" data-widget_type=\"text-editor.default\">\n\t\t\t\t<div class=\"elementor-widget-container\">\n\t\t\t\t\t\t\t<p>Em cumprimento do disposto no artigo 10\u00ba da Lei 34\/2002, de 11 de julho, de Servi\u00e7os da Sociedade da Informa\u00e7\u00e3o e do Com\u00e9rcio Eletr\u00f3nico, coloca-se \u00e0 disposi\u00e7\u00e3o dos Utilizadores a seguinte informa\u00e7\u00e3o: O Portal \u00e9 explorado por: NOWO INSURANCE SERVICES S.L. Avenida Jos\u00e9 Ortega y Gasset 124, 2\u00ba-3, 29006 M\u00e1laga CIF: B01772607, inscrita no Registo Comercial de M\u00e1laga Tomo 5960, Libro 4867, Foflio 115, Secc 8, Hoja MA156668, I\/A 1.<\/p>\t\t\t\t\t\t<\/div>\n\t\t\t\t<\/div>\n\t\t\t\t\t<\/div>\n\t\t<\/div>\n\t\t\t\t\t\t\t<\/div>\n\t\t<\/section>\n\t\t\t\t\t\t\t<\/div>\n\t\t","protected":false},"excerpt":{"rendered":"<p>Aviso legal 1. Responsabilidade legal pelo s\u00edtio Web Respons\u00e1vel Legal: Nowo Insurance Services S.L.Nif\/Cif: B01772607Endere\u00e7o: Calle Marie Curie, n\u00famero 20, Bajo izquierda, 29590 Parque Tecnol\u00f3gico de Andaluc\u00eda. Campanillas (M\u00e1laga)Email de contacto: hola@nowo.techTlf: +34 951 204 864Dados de registo: Inscrita no Registo Comercial de M\u00e1laga, Tomo 5960, Livro 4867, F\u00f3lio 115, Sec\u00e7\u00e3o 8, Folha MA156668, I\/A&hellip; <a class=\"more-link\" href=\"https:\/\/nowo.tech\/pt\/aviso-legal\/\">Seguir leyendo <span class=\"screen-reader-text\">Aviso legal<\/span><\/a><\/p>\n","protected":false},"author":1,"featured_media":0,"parent":0,"menu_order":0,"comment_status":"closed","ping_status":"closed","template":"elementor_header_footer","meta":{"footnotes":""},"class_list":["post-109","page","type-page","status-publish","hentry","entry"],"_links":{"self":[{"href":"https:\/\/nowo.tech\/pt\/wp-json\/wp\/v2\/pages\/109","targetHints":{"allow":["GET"]}}],"collection":[{"href":"https:\/\/nowo.tech\/pt\/wp-json\/wp\/v2\/pages"}],"about":[{"href":"https:\/\/nowo.tech\/pt\/wp-json\/wp\/v2\/types\/page"}],"author":[{"embeddable":true,"href":"https:\/\/nowo.tech\/pt\/wp-json\/wp\/v2\/users\/1"}],"replies":[{"embeddable":true,"href":"https:\/\/nowo.tech\/pt\/wp-json\/wp\/v2\/comments?post=109"}],"version-history":[{"count":11,"href":"https:\/\/nowo.tech\/pt\/wp-json\/wp\/v2\/pages\/109\/revisions"}],"predecessor-version":[{"id":2807,"href":"https:\/\/nowo.tech\/pt\/wp-json\/wp\/v2\/pages\/109\/revisions\/2807"}],"wp:attachment":[{"href":"https:\/\/nowo.tech\/pt\/wp-json\/wp\/v2\/media?parent=109"}],"curies":[{"name":"wp","href":"https:\/\/api.w.org\/{rel}","templated":true}]}}