{"id":1756,"date":"2023-01-30T10:04:14","date_gmt":"2023-01-30T10:04:14","guid":{"rendered":"https:\/\/nowo.tech\/en\/?page_id=1756"},"modified":"2024-07-15T09:19:59","modified_gmt":"2024-07-15T09:19:59","slug":"legal-notice","status":"publish","type":"page","link":"https:\/\/nowo.tech\/en\/legal-notice\/","title":{"rendered":"Legal Notice"},"content":{"rendered":"\t\t<div data-elementor-type=\"wp-page\" data-elementor-id=\"1756\" class=\"elementor elementor-1756\">\n\t\t\t\t\t\t\t\t\t<section class=\"elementor-section elementor-top-section elementor-element elementor-element-6432f5a elementor-section-stretched elementor-section-boxed elementor-section-height-default elementor-section-height-default\" data-id=\"6432f5a\" data-element_type=\"section\" data-settings=\"{&quot;stretch_section&quot;:&quot;section-stretched&quot;}\">\n\t\t\t\t\t\t\t<div class=\"elementor-background-overlay\"><\/div>\n\t\t\t\t\t\t\t<div class=\"elementor-container elementor-column-gap-default\">\n\t\t\t\t\t<div class=\"elementor-column elementor-col-100 elementor-top-column elementor-element elementor-element-41ef14d\" data-id=\"41ef14d\" data-element_type=\"column\">\n\t\t\t<div class=\"elementor-widget-wrap elementor-element-populated\">\n\t\t\t\t\t\t\t\t<div class=\"elementor-element elementor-element-8cb5035 elementor-widget elementor-widget-heading\" data-id=\"8cb5035\" data-element_type=\"widget\" data-widget_type=\"heading.default\">\n\t\t\t\t<div class=\"elementor-widget-container\">\n\t\t\t<style>\/*! elementor - v3.17.0 - 08-11-2023 *\/\n.elementor-heading-title{padding:0;margin:0;line-height:1}.elementor-widget-heading .elementor-heading-title[class*=elementor-size-]>a{color:inherit;font-size:inherit;line-height:inherit}.elementor-widget-heading .elementor-heading-title.elementor-size-small{font-size:15px}.elementor-widget-heading .elementor-heading-title.elementor-size-medium{font-size:19px}.elementor-widget-heading .elementor-heading-title.elementor-size-large{font-size:29px}.elementor-widget-heading .elementor-heading-title.elementor-size-xl{font-size:39px}.elementor-widget-heading .elementor-heading-title.elementor-size-xxl{font-size:59px}<\/style><p class=\"elementor-heading-title elementor-size-default\">Aviso legal<\/p>\t\t<\/div>\n\t\t\t\t<\/div>\n\t\t\t\t<div class=\"elementor-element elementor-element-2878fdc elementor-widget elementor-widget-heading\" data-id=\"2878fdc\" data-element_type=\"widget\" data-widget_type=\"heading.default\">\n\t\t\t\t<div class=\"elementor-widget-container\">\n\t\t\t<p class=\"elementor-heading-title elementor-size-default\">1. Legal Responsible for the Web<\/p>\t\t<\/div>\n\t\t\t\t<\/div>\n\t\t\t\t<div class=\"elementor-element elementor-element-80df324 elementor-widget elementor-widget-text-editor\" data-id=\"80df324\" data-element_type=\"widget\" data-widget_type=\"text-editor.default\">\n\t\t\t\t<div class=\"elementor-widget-container\">\n\t\t\t<style>\/*! elementor - v3.17.0 - 08-11-2023 *\/\n.elementor-widget-text-editor.elementor-drop-cap-view-stacked .elementor-drop-cap{background-color:#69727d;color:#fff}.elementor-widget-text-editor.elementor-drop-cap-view-framed .elementor-drop-cap{color:#69727d;border:3px solid;background-color:transparent}.elementor-widget-text-editor:not(.elementor-drop-cap-view-default) .elementor-drop-cap{margin-top:8px}.elementor-widget-text-editor:not(.elementor-drop-cap-view-default) .elementor-drop-cap-letter{width:1em;height:1em}.elementor-widget-text-editor .elementor-drop-cap{float:left;text-align:center;line-height:1;font-size:50px}.elementor-widget-text-editor .elementor-drop-cap-letter{display:inline-block}<\/style>\t\t\t\t<ul>\n<li>Legal Responsible: Nowo Insurance Services S.L.<\/li>\n<li>Nif\/Cif: B01772607<\/li>\n<li>Address: Calle Marie Curie, n\u00famero 20, Bajo izquierda, 29590 Parque Tecnol\u00f3gico de Andaluc\u00eda. Campanillas (M\u00e1laga)<\/li>\n<li>Contact Email: hola@nowo.tech<\/li>\n<li>Phone: 951 204 864<\/li>\n<li>Registry Data: Registered in the Mercantile Registry of Malaga Volume 5960, Book 4867, Folio 115, Section 8, Page MA156668, I\/A 1<\/li>\n<\/ul>\t\t\t\t\t\t<\/div>\n\t\t\t\t<\/div>\n\t\t\t\t<div class=\"elementor-element elementor-element-7d6bd3a elementor-widget elementor-widget-heading\" data-id=\"7d6bd3a\" data-element_type=\"widget\" data-widget_type=\"heading.default\">\n\t\t\t\t<div class=\"elementor-widget-container\">\n\t\t\t<p class=\"elementor-heading-title elementor-size-default\">2. Conditions of Use<\/p>\t\t<\/div>\n\t\t\t\t<\/div>\n\t\t\t\t<div class=\"elementor-element elementor-element-f27dba1 elementor-widget elementor-widget-text-editor\" data-id=\"f27dba1\" data-element_type=\"widget\" data-widget_type=\"text-editor.default\">\n\t\t\t\t<div class=\"elementor-widget-container\">\n\t\t\t\t\t\t\t<p>These legal conditions regulate the permitted use of this website that Nowo Insurance Services S.L., hereinafter, (NOWO.TECH) makes available to Internet users. If you do not agree with these legal conditions you must leave this website.<\/p><p>The User undertakes to use the website, the services and its contents in a diligent, correct and lawful manner and, in particular, must refrain from:<\/p><ul><li>Delete, evade or manipulate the &#8220;copyright&#8221; and other data identifying the rights of the owners incorporated into the contents, as well as technical protection devices, or any information mechanisms that may contain the contents.<\/li><li>Introduce programs, viruses, macros or any other logical device or sequence of characters that cause or are likely to cause any type of alteration in the web page or the computer systems that support it.<\/li><li>Use or install programs or devices capable of invalidating the security controls or passwords established by THENOWO.COM, being equally forbidden to decipher the keys, systems or encryption algorithms or any other security element of the website or any of its users.<\/li><li>Make copies or screenshots of the website without the express authorization of NOWO.TECH.<\/li><li>Make copies or versions of the website or its source code, without the express consent of NOWO.TECH.<\/li><li>Engage in any type of behavior contrary to the law or good faith.<\/li><\/ul>\t\t\t\t\t\t<\/div>\n\t\t\t\t<\/div>\n\t\t\t\t<div class=\"elementor-element elementor-element-eee4f4c elementor-widget elementor-widget-heading\" data-id=\"eee4f4c\" data-element_type=\"widget\" data-widget_type=\"heading.default\">\n\t\t\t\t<div class=\"elementor-widget-container\">\n\t\t\t<p class=\"elementor-heading-title elementor-size-default\">3. Exclusion of Liability<\/p>\t\t<\/div>\n\t\t\t\t<\/div>\n\t\t\t\t<div class=\"elementor-element elementor-element-946c4b1 elementor-widget elementor-widget-text-editor\" data-id=\"946c4b1\" data-element_type=\"widget\" data-widget_type=\"text-editor.default\">\n\t\t\t\t<div class=\"elementor-widget-container\">\n\t\t\t\t\t\t\t<p>NOWO.TECH accepts no responsibility for any loss or damage that may be caused to the user by viruses, unavailability or any other anomalous behaviour of the website. NOWO.TECH has adopted all the security measures within its reach and according to the current state of the art, to guarantee the correct functioning of the website and to avoid the generation of any type of damage to the user.<\/p>\t\t\t\t\t\t<\/div>\n\t\t\t\t<\/div>\n\t\t\t\t<div class=\"elementor-element elementor-element-45f0367 elementor-widget elementor-widget-heading\" data-id=\"45f0367\" data-element_type=\"widget\" data-widget_type=\"heading.default\">\n\t\t\t\t<div class=\"elementor-widget-container\">\n\t\t\t<p class=\"elementor-heading-title elementor-size-default\">4. User Registration<\/p>\t\t<\/div>\n\t\t\t\t<\/div>\n\t\t\t\t<div class=\"elementor-element elementor-element-d860801 elementor-widget elementor-widget-text-editor\" data-id=\"d860801\" data-element_type=\"widget\" data-widget_type=\"text-editor.default\">\n\t\t\t\t<div class=\"elementor-widget-container\">\n\t\t\t\t\t\t\t<p>Access to and use of certain sections of this website require prior registration as a user. The registration of underage users is not allowed. NOWO.TECH reserves the right to verify the information provided by the user. Once registered on our website, you may at any time access, modify or cancel the data in your user profile.<\/p><p>NOWO.TECH warns users that requests for registration made fraudulently or in violation of the rules or rights of third parties may be rejected, and users may also be deregistered if they infringe these legal conditions or the warnings and requirements addressed to them by NOWO.TECH regarding behaviour which infringes the policies and rules governing this website.<\/p><p>Users are responsible for any action carried out with their user name or account. The user is responsible for the use and confidentiality of his or her password to access his or her account. If he or she suspects that the security of his or her password has been compromised, he or she must change it immediately.<\/p><p>The user undertakes to make appropriate use of the NOWO.TECH website and, by way of example but without limitation, undertakes not to engage in the following conduct:<\/p><ul><li>Impersonate identities, provide false information or information belonging to other persons in their registration or user profile.<\/li><li>Assign to any natural or legal person, the user name and password assigned to the registered user.<\/li><li>Introduce contents that violate intellectual or industrial property rights, incur in illicit, illegal or contrary to good faith and public order activities.<\/li><li>Introduce or disseminate content or propaganda of a racist, xenophobic, pornographic, apology of terrorism or infringing the rights of third parties.<\/li><li>Make comments on the page that insult, slander or disrespect other registered users, members of NOWO.TECH or third parties, as well as use foul and offensive language.<\/li><li>Cause damage to the physical and logical systems of NOWO.TECH, its suppliers, users or third parties.<\/li><li>Introduce or spread in the network computer viruses or any other physical or logical systems that are likely to cause the aforementioned damage.<\/li><li>To suppress, evade or manipulate the security measures implemented by NOWO.TECH.<\/li><li>Attempt to access and, where appropriate, use the accounts of other users and modify or manipulate their messages or contents.<\/li><li>Introduce contents owned by third parties without their authorization.<\/li><li>Introduce pedophile or illegal contents.<\/li><li>Introduce commercial or advertising messages or content without the consent of NOWO.TECH.<\/li><li>Collect user addresses for unauthorized purposes or Spam.<\/li><li>Send images or other personal data of third parties without their consent.<\/li><\/ul>\t\t\t\t\t\t<\/div>\n\t\t\t\t<\/div>\n\t\t\t\t<div class=\"elementor-element elementor-element-0f842d2 elementor-widget elementor-widget-heading\" data-id=\"0f842d2\" data-element_type=\"widget\" data-widget_type=\"heading.default\">\n\t\t\t\t<div class=\"elementor-widget-container\">\n\t\t\t<p class=\"elementor-heading-title elementor-size-default\">5. Links<\/p>\t\t<\/div>\n\t\t\t\t<\/div>\n\t\t\t\t<div class=\"elementor-element elementor-element-a6bab2e elementor-widget elementor-widget-text-editor\" data-id=\"a6bab2e\" data-element_type=\"widget\" data-widget_type=\"text-editor.default\">\n\t\t\t\t<div class=\"elementor-widget-container\">\n\t\t\t\t\t\t\t<p>NOWO.TECH declines any responsibility for the services and\/or information provided on other sites linked to this website. NOWO.TECH does not control or exercise any type of supervision over the linked pages. Users who use these links should consult the legal conditions set out on the destination pages.<\/p><p>NOWO.TECH shall not be responsible for the links included in its website to third party websites not belonging to NOWO.TECH. Users who use these links should consult the legal conditions set out in the destination pages.<\/p>\t\t\t\t\t\t<\/div>\n\t\t\t\t<\/div>\n\t\t\t\t<div class=\"elementor-element elementor-element-fd2520a elementor-widget elementor-widget-heading\" data-id=\"fd2520a\" data-element_type=\"widget\" data-widget_type=\"heading.default\">\n\t\t\t\t<div class=\"elementor-widget-container\">\n\t\t\t<p class=\"elementor-heading-title elementor-size-default\">6. Intellectual Property<\/p>\t\t<\/div>\n\t\t\t\t<\/div>\n\t\t\t\t<div class=\"elementor-element elementor-element-31e4aad elementor-widget elementor-widget-text-editor\" data-id=\"31e4aad\" data-element_type=\"widget\" data-widget_type=\"text-editor.default\">\n\t\t\t\t<div class=\"elementor-widget-container\">\n\t\t\t\t\t\t\t<p>The texts, images, logos, distinctive signs, sounds, animations, videos, source code and other contents included in this website are the property of NOWO.TECH, or it has permission for their use and\/or exploitation.<\/p><p>The users of this web page will be able to carry out the reproduction or storage of the contents stored in this page for their exclusive personal use or the purposes authorized in the legal conditions of this web. Any other transmission, distribution, reproduction or storage, in whole or in part, of the contents stored on this website is expressly prohibited without the express prior consent of NOWO.TECH.<\/p>\t\t\t\t\t\t<\/div>\n\t\t\t\t<\/div>\n\t\t\t\t<div class=\"elementor-element elementor-element-3b3303e elementor-widget elementor-widget-heading\" data-id=\"3b3303e\" data-element_type=\"widget\" data-widget_type=\"heading.default\">\n\t\t\t\t<div class=\"elementor-widget-container\">\n\t\t\t<p class=\"elementor-heading-title elementor-size-default\">7. Legislation and Jurisdiction<\/p>\t\t<\/div>\n\t\t\t\t<\/div>\n\t\t\t\t<div class=\"elementor-element elementor-element-92ae613 elementor-widget elementor-widget-text-editor\" data-id=\"92ae613\" data-element_type=\"widget\" data-widget_type=\"text-editor.default\">\n\t\t\t\t<div class=\"elementor-widget-container\">\n\t\t\t\t\t\t\t<p>This website is subject to Spanish law and in case of litigation or dispute arising from the use of this website, both parties submit to the jurisdiction of the courts of the domicile of THENOWO.COM. This express submission clause shall not apply in the event of litigation with users of the website that according to current legislation have the status of consumers, in which case both parties shall be subject to the jurisdiction of the Courts and Tribunals of residence of the consumer.<\/p>\t\t\t\t\t\t<\/div>\n\t\t\t\t<\/div>\n\t\t\t\t<div class=\"elementor-element elementor-element-4c7155c elementor-widget elementor-widget-heading\" data-id=\"4c7155c\" data-element_type=\"widget\" data-widget_type=\"heading.default\">\n\t\t\t\t<div class=\"elementor-widget-container\">\n\t\t\t<p class=\"elementor-heading-title elementor-size-default\">8. Version<\/p>\t\t<\/div>\n\t\t\t\t<\/div>\n\t\t\t\t<div class=\"elementor-element elementor-element-faf4be4 elementor-widget elementor-widget-text-editor\" data-id=\"faf4be4\" data-element_type=\"widget\" data-widget_type=\"text-editor.default\">\n\t\t\t\t<div class=\"elementor-widget-container\">\n\t\t\t\t\t\t\t<p>This Legal Notice is dated 11\/14\/2021 and any modification of its terms will be published on the website.<\/p>\t\t\t\t\t\t<\/div>\n\t\t\t\t<\/div>\n\t\t\t\t<div class=\"elementor-element elementor-element-c827def elementor-widget elementor-widget-heading\" data-id=\"c827def\" data-element_type=\"widget\" data-widget_type=\"heading.default\">\n\t\t\t\t<div class=\"elementor-widget-container\">\n\t\t\t<p class=\"elementor-heading-title elementor-size-default\">General Information<\/p>\t\t<\/div>\n\t\t\t\t<\/div>\n\t\t\t\t<div class=\"elementor-element elementor-element-1827325 elementor-widget elementor-widget-text-editor\" data-id=\"1827325\" data-element_type=\"widget\" data-widget_type=\"text-editor.default\">\n\t\t\t\t<div class=\"elementor-widget-container\">\n\t\t\t\t\t\t\t<p>In compliance with the provisions of Article 10 of Law 34\/2002, of July 11, 2002, on Information Society Services and Electronic Commerce, the following information is made available to Users: The Portal is operated by: NOWO INSURANCE SERVICES S.L. Avenida Jos\u00e9 Ortega y Gasset 124, 2\u00ba-3, 29006 M\u00e1laga CIF: B01772607, Registered in the Mercantile Registry of M\u00e1laga Tomo 5960, Libro 4867, Foflio 115, Secc 8, Hoja MA156668, I\/A 1.<\/p>\t\t\t\t\t\t<\/div>\n\t\t\t\t<\/div>\n\t\t\t\t\t<\/div>\n\t\t<\/div>\n\t\t\t\t\t\t\t<\/div>\n\t\t<\/section>\n\t\t\t\t\t\t\t<\/div>\n\t\t","protected":false},"excerpt":{"rendered":"<p>Aviso legal 1. Legal Responsible for the Web Legal Responsible: Nowo Insurance Services S.L. Nif\/Cif: B01772607 Address: Calle Marie Curie, n\u00famero 20, Bajo izquierda, 29590 Parque Tecnol\u00f3gico de Andaluc\u00eda. Campanillas (M\u00e1laga) Contact Email: hola@nowo.tech Phone: 951 204 864 Registry Data: Registered in the Mercantile Registry of Malaga Volume 5960, Book 4867, Folio 115, Section 8,&hellip; <a class=\"more-link\" href=\"https:\/\/nowo.tech\/en\/legal-notice\/\">Continue reading <span class=\"screen-reader-text\">Legal Notice<\/span><\/a><\/p>\n","protected":false},"author":1,"featured_media":0,"parent":0,"menu_order":0,"comment_status":"closed","ping_status":"closed","template":"elementor_header_footer","meta":{"footnotes":""},"class_list":["post-1756","page","type-page","status-publish","hentry","entry"],"_links":{"self":[{"href":"https:\/\/nowo.tech\/en\/wp-json\/wp\/v2\/pages\/1756","targetHints":{"allow":["GET"]}}],"collection":[{"href":"https:\/\/nowo.tech\/en\/wp-json\/wp\/v2\/pages"}],"about":[{"href":"https:\/\/nowo.tech\/en\/wp-json\/wp\/v2\/types\/page"}],"author":[{"embeddable":true,"href":"https:\/\/nowo.tech\/en\/wp-json\/wp\/v2\/users\/1"}],"replies":[{"embeddable":true,"href":"https:\/\/nowo.tech\/en\/wp-json\/wp\/v2\/comments?post=1756"}],"version-history":[{"count":7,"href":"https:\/\/nowo.tech\/en\/wp-json\/wp\/v2\/pages\/1756\/revisions"}],"predecessor-version":[{"id":2206,"href":"https:\/\/nowo.tech\/en\/wp-json\/wp\/v2\/pages\/1756\/revisions\/2206"}],"wp:attachment":[{"href":"https:\/\/nowo.tech\/en\/wp-json\/wp\/v2\/media?parent=1756"}],"curies":[{"name":"wp","href":"https:\/\/api.w.org\/{rel}","templated":true}]}}